{"id":8828,"date":"2020-07-19T16:09:47","date_gmt":"2020-07-19T16:09:47","guid":{"rendered":"https:\/\/www.icro.it\/servizi-su-misura\/"},"modified":"2021-11-24T16:06:51","modified_gmt":"2021-11-24T16:06:51","slug":"servicios","status":"publish","type":"page","link":"https:\/\/www.icro.it\/es\/servicios\/","title":{"rendered":"Servicios a medida"},"content":{"rendered":"<section class=\"row row--shrink-mw row--columns row--grow-hg-bottom\">\n        <div class=\"columns columns--relative columns--media-text columns--shr columns--flex columns--header-rotation\">\n                        <header class=\"columns__header\">\n            <h2 class=\"columns__title columns__title--ovhidden columns__title--color-light columns__title--font-weight-400\">\n                                \n                Customer Care    \n            <\/h2>\n        <\/header>\n                        <figure class=\"columns__media columns__media--cell-s6\">\n            <div class=\"columns__figure columns__figure--relative\">\n                                <div class=\"floater floater--columns floater--bg-secondary floater--top-right\"><\/div>\n                <img decoding=\"async\" src=\"https:\/\/www.icro.it\/app\/uploads\/2020\/10\/Showroom.png\" class=\"columns__image columns__image--relative columns__image--fluid\" \/>\n                            <\/div>\n        <\/figure>\n                <div class=\"columns__content columns__content--cell-s6 columns__content--grow-sg-top\" data-translate-opacity='{\"x\":-80}'>\n                                    \n\n<h2 class=\"columns__title columns__title--font-size-48 wp-block-heading\">Customer Care<\/h2>\n\n\n\n<p class=\"paragraph\">Nuestros t\u00e9cnicos altamente capacitados est\u00e1n a su disposici\u00f3n para ayudarle a identificar las mejores opciones de pintura y aplicaci\u00f3n. Nuestra red comercial est\u00e1 presente en m\u00e1s de 40 pa\u00edses y est\u00e1 formada por personal competente y experimentado, siempre dispuesto para ayudarle a encontrar la soluci\u00f3n adecuada a sus necesidades.<\/p>\n\n\n<nav class=\"columns__nav columns__nav--cell columns--flex\" data-scroll-class=\"anim-opacity anim-translate\" data-scroll-anim=\"class\" data-scroll-start-offset=\"80\"  data-scroll-translate=\"left\">\n<a href=\"https:\/\/www.icro.it\/es\/contactos\/\" class=\"button button--font-size-14 button--rounded button--bg-primary\">\n    Cont\u00e1ctenos\n<\/a>\n<\/nav>\n\n\n                    <\/div>\n    <\/div>\n<\/section>\n\n<div class=\"row row--grow-hg-bottom row--shrink-mw\">\n    <div class=\"columns columns--bg columns--bg columns--grow-hg-top columns--relative columns--flex-jcsb columns--shr columns--cta columns--color-white\">\n        <div class=\"columns__background columns__background--bg-secondary\"><\/div>\n                <header class=\"columns__header columns__header--relative columns__header--cell-s5\">\n                        <h2 class=\"columns__title columns__title--ovhidden columns__title--font-size-32 columns__title--color-white\">\n                <div class=\"floater-row floater-row--animate floater-row--bg-white\"><\/div>\n                Soporte remoto\n            <\/h2>\n                                    <div class=\"columns__media columns__media--grow-md-top columns__media--hide-on-mobile\">\n                <figure class=\"columns__figure columns__figure--zoomed\">\n                    <img decoding=\"async\" src=\"https:\/\/www.icro.it\/app\/uploads\/2020\/07\/tutorial-2.jpg\" class=\"columns__image columns__image--fluid\">\n                <\/figure>\n            <\/div>\n                    <\/header>\n                        <div class=\"columns__content columns__content--flex-column-jcsb columns__content--relative columns__content--cell-s5\" data-translate-opacity='{\"x\":80}'>\n            <p style=\"padding-left: 40px;\">ICRO garantiza un soporte constante en las formulaciones para los clientes que utilizan el sistema tintom\u00e9trico ICROMIX. Para descargar el soporte remoto a trav\u00e9s de <em>Supremo<\/em><\/p>\n\n                        <nav class=\"columns__nav columns__nav--grow-hg-bottom\">\n                <a href=\"http:\/\/www.icro.it\/app\/uploads\/custom\/SupportoICRO.exe\" target=\"_blank\" class=\"button button--rounded button--bg-primary\">\n                    Activar el soporte Remoto Supremo\n                <\/a>\n            <\/nav>\n                    <\/div>\n            <\/div>\n<\/div>\n\n\n<div class=\"row row--shrink-mw row--grow-hg-bottom\" id=\"row_block_5f14706cce0bc_8828\">\n        <div class=\"columns\">\n        <div class=\"slider slider--flex-jcsb\">\n            <div class=\"columns__content columns__content--cell-s5\">\n                                <div class=\"columns__desc\" data-translate-opacity='{\"x\":-80}'>\n                    <h2 data-split-title class=\"columns__title columns__title--font-size-60\">Compartimos nuestro conocimiento<\/h2>\n<h3 class=\"columns__title columns__title--font-size-32 columns__title--font-weight-300\">ICRO Academy &amp; Showroom<\/h3>\n<p class=\"paragraph\">El saber hacer y la pasi\u00f3n son el coraz\u00f3n de la identidad de ICRO y queremos compartirlos con nuestros clientes: ICRO Academy es el programa de formaci\u00f3n y actualizaci\u00f3n sobre las innovaciones tecnol\u00f3gicas de la empresa, mientras que nuestra sala de exposici\u00f3n de 400 m\u00b2 exhibe nuestros procesos de barnizado m\u00e1s habituales<\/p>\n\n                <\/div>\n                                <div class=\"content__pages content__pages--flex-jcsb content__pages--grow-lg-top\">\n                                        <a href=\"http:\/\/www.icro.it\/category\/tutorial\/\" class=\"button button--rounded button--bg-primary\">\n                        Leer los tutoriales\n                    <\/a>\n                                        <nav class=\"slider__nav\">\n                        <span class=\"slider__prev\">\n<svg class=\"slider__icon\"><use xlink:href=\"#arrow-left\" \/><\/svg><svg class=\"slider__icon\"><use xlink:href=\"#arrow-left\" \/><\/svg>\n<\/span>\n<span class=\"slider__next\"><svg class=\"slider__icon\"><use xlink:href=\"#arrow-right\" \/><\/svg><svg class=\"slider__icon\"><use xlink:href=\"#arrow-right\" \/><\/svg><\/span>                       <\/nav>\n                <\/div>\n            <\/div>\n            <div class=\"slider__inner slider__inner--flex slider__inner--cell-s5\">\n                <div class=\"slider__container slider__container--flex slider__container--cell slider__container--ovhidden\" id=\"slider_block_5f14706cce0bc_8828\" data-slider='{\"speed\":1250,\"navigation\":{\"prevEl\":\"#row_block_5f14706cce0bc_8828 .slider__prev\",\"nextEl\":\"#row_block_5f14706cce0bc_8828 .slider__next\"}}'>\n                    <div class=\"slider__wrapper\">\n                         \n                                                <div class=\"slider__item slider__item--flex slider__item--cell\">\n                            <a href=\"https:\/\/www.icro.it\/es\/belleza-y-proteccion-el-barniz-que-no-se-ve\/\" class=\"article article--col-span-2 article--border-left-none article--flex article--cell article--bg-image\"  data-translate-opacity='{\"y\":40}'>\n    <div class=\"article__wrapper article__wrapper--relative article__wrapper--shrink article__wrapper--grow-sml-bottom article__wrapper--grow-lg-top article__wrapper--flex-column-jcfe\">\n                <figure class=\"article__figure article__figure--cover-full\" style=\"background-image:url(https:\/\/www.icro.it\/app\/uploads\/2022\/04\/pexels-karolina-grabowska-8092364-683x1024.jpg)\">\n            <img width=\"683\" height=\"1024\" src=\"https:\/\/www.icro.it\/app\/uploads\/2022\/04\/pexels-karolina-grabowska-8092364-683x1024.jpg\" class=\"attachment-large size-large wp-post-image\" alt=\"\" decoding=\"async\" loading=\"lazy\" srcset=\"https:\/\/www.icro.it\/app\/uploads\/2022\/04\/pexels-karolina-grabowska-8092364-683x1024.jpg 683w, https:\/\/www.icro.it\/app\/uploads\/2022\/04\/pexels-karolina-grabowska-8092364-200x300.jpg 200w, https:\/\/www.icro.it\/app\/uploads\/2022\/04\/pexels-karolina-grabowska-8092364-768x1152.jpg 768w, https:\/\/www.icro.it\/app\/uploads\/2022\/04\/pexels-karolina-grabowska-8092364-1024x1536.jpg 1024w, https:\/\/www.icro.it\/app\/uploads\/2022\/04\/pexels-karolina-grabowska-8092364-1365x2048.jpg 1365w, https:\/\/www.icro.it\/app\/uploads\/2022\/04\/pexels-karolina-grabowska-8092364-750x1125.jpg 750w\" sizes=\"(max-width: 683px) 100vw, 683px\" \/>\n                        <div class=\"floater-row floater-row--abs floater-row--bg-secondary\"><\/div>\n                    <\/figure>\n        <div class=\"article__meta article__meta--grow-bottom\">\n            <span class=\"article__cat article__cat--grow article__cat--relative article__cat--font-size-11 article__cat--upper article__cat--bg-secondary\">\n                News, News\n            <\/span>\n        <\/div>\n                        <h2 class=\"article__title article__title--font-size-18 article__title--relative rticle__title--cell18 article__title--color-white\">\n            Belleza y protecci\u00f3n: \u00a1el barniz que no se ve!        <\/h2>\n            <\/div>\n<\/a>                        <\/div>\n                         \n                                                <div class=\"slider__item slider__item--flex slider__item--cell\">\n                            <a href=\"https:\/\/www.icro.it\/es\/el-barniz-para-madera-ideal-para-barcos-y-piscinas\/\" class=\"article article--col-span-2 article--border-left-none article--flex article--cell article--bg-image\"  data-translate-opacity='{\"y\":40}'>\n    <div class=\"article__wrapper article__wrapper--relative article__wrapper--shrink article__wrapper--grow-sml-bottom article__wrapper--grow-lg-top article__wrapper--flex-column-jcfe\">\n                <figure class=\"article__figure article__figure--cover-full\" style=\"background-image:url(https:\/\/www.icro.it\/app\/uploads\/2022\/03\/1-1-1024x342.jpg)\">\n            <img width=\"1024\" height=\"342\" src=\"https:\/\/www.icro.it\/app\/uploads\/2022\/03\/1-1-1024x342.jpg\" class=\"attachment-large size-large wp-post-image\" alt=\"\" decoding=\"async\" loading=\"lazy\" srcset=\"https:\/\/www.icro.it\/app\/uploads\/2022\/03\/1-1-1024x342.jpg 1024w, https:\/\/www.icro.it\/app\/uploads\/2022\/03\/1-1-300x100.jpg 300w, https:\/\/www.icro.it\/app\/uploads\/2022\/03\/1-1-768x256.jpg 768w, https:\/\/www.icro.it\/app\/uploads\/2022\/03\/1-1-1536x513.jpg 1536w, https:\/\/www.icro.it\/app\/uploads\/2022\/03\/1-1-2048x684.jpg 2048w, https:\/\/www.icro.it\/app\/uploads\/2022\/03\/1-1-750x250.jpg 750w\" sizes=\"(max-width: 1024px) 100vw, 1024px\" \/>\n                        <div class=\"floater-row floater-row--abs floater-row--bg-secondary\"><\/div>\n                    <\/figure>\n        <div class=\"article__meta article__meta--grow-bottom\">\n            <span class=\"article__cat article__cat--grow article__cat--relative article__cat--font-size-11 article__cat--upper article__cat--bg-secondary\">\n                News, News\n            <\/span>\n        <\/div>\n                        <h2 class=\"article__title article__title--font-size-18 article__title--relative rticle__title--cell18 article__title--color-white\">\n            El barniz para madera, ideal para barcos y piscinas        <\/h2>\n            <\/div>\n<\/a>                        <\/div>\n                         \n                                                <div class=\"slider__item slider__item--flex slider__item--cell\">\n                            <a href=\"https:\/\/www.icro.it\/es\/los-nuevos-barnices-bitech\/\" class=\"article article--col-span-2 article--border-left-none article--flex article--cell article--bg-image\"  data-translate-opacity='{\"y\":40}'>\n    <div class=\"article__wrapper article__wrapper--relative article__wrapper--shrink article__wrapper--grow-sml-bottom article__wrapper--grow-lg-top article__wrapper--flex-column-jcfe\">\n                <figure class=\"article__figure article__figure--cover-full\" style=\"background-image:url(https:\/\/www.icro.it\/app\/uploads\/2022\/02\/SCHERMATA-HOME-E-ARTICOLO-1024x632.jpg)\">\n            <img width=\"1024\" height=\"632\" src=\"https:\/\/www.icro.it\/app\/uploads\/2022\/02\/SCHERMATA-HOME-E-ARTICOLO-1024x632.jpg\" class=\"attachment-large size-large wp-post-image\" alt=\"\" decoding=\"async\" loading=\"lazy\" srcset=\"https:\/\/www.icro.it\/app\/uploads\/2022\/02\/SCHERMATA-HOME-E-ARTICOLO-1024x632.jpg 1024w, https:\/\/www.icro.it\/app\/uploads\/2022\/02\/SCHERMATA-HOME-E-ARTICOLO-300x185.jpg 300w, https:\/\/www.icro.it\/app\/uploads\/2022\/02\/SCHERMATA-HOME-E-ARTICOLO-768x474.jpg 768w, https:\/\/www.icro.it\/app\/uploads\/2022\/02\/SCHERMATA-HOME-E-ARTICOLO-1536x949.jpg 1536w, https:\/\/www.icro.it\/app\/uploads\/2022\/02\/SCHERMATA-HOME-E-ARTICOLO-2048x1265.jpg 2048w, https:\/\/www.icro.it\/app\/uploads\/2022\/02\/SCHERMATA-HOME-E-ARTICOLO-750x463.jpg 750w\" sizes=\"(max-width: 1024px) 100vw, 1024px\" \/>\n                        <div class=\"floater-row floater-row--abs floater-row--bg-secondary\"><\/div>\n                    <\/figure>\n        <div class=\"article__meta article__meta--grow-bottom\">\n            <span class=\"article__cat article__cat--grow article__cat--relative article__cat--font-size-11 article__cat--upper article__cat--bg-secondary\">\n                News, News\n            <\/span>\n        <\/div>\n                        <h2 class=\"article__title article__title--font-size-18 article__title--relative rticle__title--cell18 article__title--color-white\">\n            LOS NUEVOS BARNICES BiTECH        <\/h2>\n            <\/div>\n<\/a>                        <\/div>\n                         \n                                                <div class=\"slider__item slider__item--flex slider__item--cell\">\n                            <a href=\"https:\/\/www.icro.it\/es\/icro-es-una-prime-company-segun-cribis\/\" class=\"article article--col-span-2 article--border-left-none article--flex article--cell article--bg-image\"  data-translate-opacity='{\"y\":40}'>\n    <div class=\"article__wrapper article__wrapper--relative article__wrapper--shrink article__wrapper--grow-sml-bottom article__wrapper--grow-lg-top article__wrapper--flex-column-jcfe\">\n                <figure class=\"article__figure article__figure--cover-full\" style=\"background-image:url(https:\/\/www.icro.it\/app\/uploads\/2022\/05\/Attestato-Cribis-ICRO-1024x730.png)\">\n            <img width=\"1024\" height=\"730\" src=\"https:\/\/www.icro.it\/app\/uploads\/2022\/05\/Attestato-Cribis-ICRO-1024x730.png\" class=\"attachment-large size-large wp-post-image\" alt=\"\" decoding=\"async\" loading=\"lazy\" srcset=\"https:\/\/www.icro.it\/app\/uploads\/2022\/05\/Attestato-Cribis-ICRO-1024x730.png 1024w, https:\/\/www.icro.it\/app\/uploads\/2022\/05\/Attestato-Cribis-ICRO-300x214.png 300w, https:\/\/www.icro.it\/app\/uploads\/2022\/05\/Attestato-Cribis-ICRO-768x548.png 768w, https:\/\/www.icro.it\/app\/uploads\/2022\/05\/Attestato-Cribis-ICRO-1536x1095.png 1536w, https:\/\/www.icro.it\/app\/uploads\/2022\/05\/Attestato-Cribis-ICRO-750x535.png 750w, https:\/\/www.icro.it\/app\/uploads\/2022\/05\/Attestato-Cribis-ICRO.png 1694w\" sizes=\"(max-width: 1024px) 100vw, 1024px\" \/>\n                        <div class=\"floater-row floater-row--abs floater-row--bg-secondary\"><\/div>\n                    <\/figure>\n        <div class=\"article__meta article__meta--grow-bottom\">\n            <span class=\"article__cat article__cat--grow article__cat--relative article__cat--font-size-11 article__cat--upper article__cat--bg-secondary\">\n                News, News, Anuncios\n            <\/span>\n        <\/div>\n                        <h2 class=\"article__title article__title--font-size-18 article__title--relative rticle__title--cell18 article__title--color-white\">\n            ICRO es una &#8220;Prime company&#8221; seg\u00fan Cribis        <\/h2>\n            <\/div>\n<\/a>                        <\/div>\n                         \n                                                <div class=\"slider__item slider__item--flex slider__item--cell\">\n                            <a href=\"https:\/\/www.icro.it\/es\/icro-coatings-presente-en-fimma-maderalia-2022\/\" class=\"article article--col-span-2 article--border-left-none article--flex article--cell article--bg-image\"  data-translate-opacity='{\"y\":40}'>\n    <div class=\"article__wrapper article__wrapper--relative article__wrapper--shrink article__wrapper--grow-sml-bottom article__wrapper--grow-lg-top article__wrapper--flex-column-jcfe\">\n                <figure class=\"article__figure article__figure--cover-full\" style=\"background-image:url(https:\/\/www.icro.it\/app\/uploads\/2022\/02\/fiera-es-1024x637.jpg)\">\n            <img width=\"1024\" height=\"637\" src=\"https:\/\/www.icro.it\/app\/uploads\/2022\/02\/fiera-es-1024x637.jpg\" class=\"attachment-large size-large wp-post-image\" alt=\"\" decoding=\"async\" loading=\"lazy\" srcset=\"https:\/\/www.icro.it\/app\/uploads\/2022\/02\/fiera-es-1024x637.jpg 1024w, https:\/\/www.icro.it\/app\/uploads\/2022\/02\/fiera-es-300x187.jpg 300w, https:\/\/www.icro.it\/app\/uploads\/2022\/02\/fiera-es-768x478.jpg 768w, https:\/\/www.icro.it\/app\/uploads\/2022\/02\/fiera-es-1536x955.jpg 1536w, https:\/\/www.icro.it\/app\/uploads\/2022\/02\/fiera-es-2048x1274.jpg 2048w, https:\/\/www.icro.it\/app\/uploads\/2022\/02\/fiera-es-750x467.jpg 750w\" sizes=\"(max-width: 1024px) 100vw, 1024px\" \/>\n                        <div class=\"floater-row floater-row--abs floater-row--bg-secondary\"><\/div>\n                    <\/figure>\n        <div class=\"article__meta article__meta--grow-bottom\">\n            <span class=\"article__cat article__cat--grow article__cat--relative article__cat--font-size-11 article__cat--upper article__cat--bg-secondary\">\n                Ferias y Eventos\n            <\/span>\n        <\/div>\n                        <h2 class=\"article__title article__title--font-size-18 article__title--relative rticle__title--cell18 article__title--color-white\">\n            ICRO COATINGS presente en FIMMA Maderalia 2022        <\/h2>\n            <\/div>\n<\/a>                        <\/div>\n                         \n                                                <div class=\"slider__item slider__item--flex slider__item--cell\">\n                            <a href=\"https:\/\/www.icro.it\/es\/icro-consigue-la-politica-integrada-certificada-uni-en-14002015-sistema-de-gestion-ambiental\/\" class=\"article article--col-span-2 article--border-left-none article--flex article--cell article--bg-image\"  data-translate-opacity='{\"y\":40}'>\n    <div class=\"article__wrapper article__wrapper--relative article__wrapper--shrink article__wrapper--grow-sml-bottom article__wrapper--grow-lg-top article__wrapper--flex-column-jcfe\">\n                <figure class=\"article__figure article__figure--cover-full\" style=\"background-image:url(https:\/\/www.icro.it\/app\/uploads\/2022\/01\/certificazione.png)\">\n            <img width=\"800\" height=\"300\" src=\"https:\/\/www.icro.it\/app\/uploads\/2022\/01\/certificazione.png\" class=\"attachment-large size-large wp-post-image\" alt=\"\" decoding=\"async\" loading=\"lazy\" srcset=\"https:\/\/www.icro.it\/app\/uploads\/2022\/01\/certificazione.png 800w, https:\/\/www.icro.it\/app\/uploads\/2022\/01\/certificazione-300x113.png 300w, https:\/\/www.icro.it\/app\/uploads\/2022\/01\/certificazione-768x288.png 768w, https:\/\/www.icro.it\/app\/uploads\/2022\/01\/certificazione-750x281.png 750w\" sizes=\"(max-width: 800px) 100vw, 800px\" \/>\n                        <div class=\"floater-row floater-row--abs floater-row--bg-secondary\"><\/div>\n                    <\/figure>\n        <div class=\"article__meta article__meta--grow-bottom\">\n            <span class=\"article__cat article__cat--grow article__cat--relative article__cat--font-size-11 article__cat--upper article__cat--bg-secondary\">\n                News, News\n            <\/span>\n        <\/div>\n                        <h2 class=\"article__title article__title--font-size-18 article__title--relative rticle__title--cell18 article__title--color-white\">\n            ICRO CONSIGUE LA POL\u00cdTICA INTEGRADA-  CERTIFICADA UNI EN 1400:2015 SISTEMA DE GESTI\u00d3N AMBIENTAL        <\/h2>\n            <\/div>\n<\/a>                        <\/div>\n                         \n                                                <div class=\"slider__item slider__item--flex slider__item--cell\">\n                            <a href=\"https:\/\/www.icro.it\/es\/el-gran-reto-para-nuestras-empresas-la-inflacion\/\" class=\"article article--col-span-2 article--border-left-none article--flex article--cell article--bg-image\"  data-translate-opacity='{\"y\":40}'>\n    <div class=\"article__wrapper article__wrapper--relative article__wrapper--shrink article__wrapper--grow-sml-bottom article__wrapper--grow-lg-top article__wrapper--flex-column-jcfe\">\n                <figure class=\"article__figure article__figure--cover-full\" style=\"background-image:url(https:\/\/www.icro.it\/app\/uploads\/2021\/12\/inflazione-1-1.jpg)\">\n            <img width=\"810\" height=\"360\" src=\"https:\/\/www.icro.it\/app\/uploads\/2021\/12\/inflazione-1-1.jpg\" class=\"attachment-large size-large wp-post-image\" alt=\"\" decoding=\"async\" loading=\"lazy\" srcset=\"https:\/\/www.icro.it\/app\/uploads\/2021\/12\/inflazione-1-1.jpg 810w, https:\/\/www.icro.it\/app\/uploads\/2021\/12\/inflazione-1-1-300x133.jpg 300w, https:\/\/www.icro.it\/app\/uploads\/2021\/12\/inflazione-1-1-768x341.jpg 768w, https:\/\/www.icro.it\/app\/uploads\/2021\/12\/inflazione-1-1-750x333.jpg 750w\" sizes=\"(max-width: 810px) 100vw, 810px\" \/>\n                        <div class=\"floater-row floater-row--abs floater-row--bg-secondary\"><\/div>\n                    <\/figure>\n        <div class=\"article__meta article__meta--grow-bottom\">\n            <span class=\"article__cat article__cat--grow article__cat--relative article__cat--font-size-11 article__cat--upper article__cat--bg-secondary\">\n                News\n            <\/span>\n        <\/div>\n                        <h2 class=\"article__title article__title--font-size-18 article__title--relative rticle__title--cell18 article__title--color-white\">\n            EL GRAN RETO PARA NUESTRAS EMPRESAS: LA INFLACI\u00d3N        <\/h2>\n            <\/div>\n<\/a>                        <\/div>\n                                                                    <\/div>\n                <\/div>\n            <\/div>\n        <\/div>\n    <\/div>\n    <\/div>\n\n\n<div class=\"row row--grow-hg-bottom row--shrink-mw\">\n    <div class=\"columns columns--bg columns--bg columns--grow-hg-top columns--relative columns--flex-jcsb columns--shr columns--cta columns--color-white\">\n        <div class=\"columns__background columns__background--bg-secondary\"><\/div>\n                <header class=\"columns__header columns__header--relative columns__header--cell-s5\">\n                        <h2 class=\"columns__title columns__title--ovhidden columns__title--font-size-32 columns__title--color-white\">\n                <div class=\"floater-row floater-row--animate floater-row--bg-white\"><\/div>\n                Servicio log\u00edstico\n            <\/h2>\n                                    <div class=\"columns__media columns__media--grow-md-top columns__media--hide-on-mobile\">\n                <figure class=\"columns__figure columns__figure--zoomed\">\n                    <img decoding=\"async\" src=\"https:\/\/www.icro.it\/app\/uploads\/2020\/07\/camion_mod.jpg\" class=\"columns__image columns__image--fluid\">\n                <\/figure>\n            <\/div>\n                    <\/header>\n                        <div class=\"columns__content columns__content--flex-column-jcsb columns__content--relative columns__content--cell-s5\" data-translate-opacity='{\"x\":80}'>\n            <p>La log\u00edstica es gestionada por los almacenes de las dos plantas de producci\u00f3n en Italia y por una red de almacenes perif\u00e9ricos: estas modernas estructuras, construidas y organizadas utilizando las tecnolog\u00edas m\u00e1s innovadoras disponibles, nos permiten responder a tiempo a las necesidades del mercado en todo el mundo.<\/p>\n\n                        <nav class=\"columns__nav columns__nav--grow-hg-bottom\">\n                <a href=\"https:\/\/www.icro.it\/es\/contactos\/\" class=\"button button--rounded button--bg-primary\">\n                    Cont\u00e1ctenos\n                <\/a>\n            <\/nav>\n                    <\/div>\n            <\/div>\n<\/div>\n\n\n\n<p class=\"paragraph\"><\/p>\n","protected":false},"excerpt":{"rendered":"","protected":false},"author":1,"featured_media":8830,"parent":0,"menu_order":0,"comment_status":"closed","ping_status":"closed","template":"","meta":[],"acf":[],"_links":{"self":[{"href":"https:\/\/www.icro.it\/es\/wp-json\/wp\/v2\/pages\/8828"}],"collection":[{"href":"https:\/\/www.icro.it\/es\/wp-json\/wp\/v2\/pages"}],"about":[{"href":"https:\/\/www.icro.it\/es\/wp-json\/wp\/v2\/types\/page"}],"author":[{"embeddable":true,"href":"https:\/\/www.icro.it\/es\/wp-json\/wp\/v2\/users\/1"}],"replies":[{"embeddable":true,"href":"https:\/\/www.icro.it\/es\/wp-json\/wp\/v2\/comments?post=8828"}],"version-history":[{"count":17,"href":"https:\/\/www.icro.it\/es\/wp-json\/wp\/v2\/pages\/8828\/revisions"}],"predecessor-version":[{"id":12222,"href":"https:\/\/www.icro.it\/es\/wp-json\/wp\/v2\/pages\/8828\/revisions\/12222"}],"wp:featuredmedia":[{"embeddable":true,"href":"https:\/\/www.icro.it\/es\/wp-json\/wp\/v2\/media\/8830"}],"wp:attachment":[{"href":"https:\/\/www.icro.it\/es\/wp-json\/wp\/v2\/media?parent=8828"}],"curies":[{"name":"wp","href":"https:\/\/api.w.org\/{rel}","templated":true}]}}