{"id":8896,"date":"2020-07-19T16:26:07","date_gmt":"2020-07-19T16:26:07","guid":{"rendered":"https:\/\/www.icro.it\/ricerca-e-sviluppo\/"},"modified":"2026-01-22T14:57:43","modified_gmt":"2026-01-22T13:57:43","slug":"investigacion-y-desarrollo","status":"publish","type":"page","link":"https:\/\/www.icro.it\/es\/investigacion-y-desarrollo\/","title":{"rendered":"Investigaci\u00f3n y desarrollo"},"content":{"rendered":"<section class=\"row row--shrink-mw row--columns row--grow-hg-bottom\">\n        <header class=\"row__header row__header--grow-lg-bottom row__header--flex\">\n        <h2 class=\"row__title row__title--cell-s6 row__title--color-primary columns__title--font-size-38 row__title--ovhidden\">\n                        <div class=\"floater-row floater-row--animate floater-row--bg-primary\"><\/div>\n                        <div data-split-title>Tecnolog\u00eda e investigaci\u00f3n<\/div>  \n        <\/h2>\n    <\/header>\n        <div class=\"columns columns--relative columns--media-text columns--shr columns--flex \">\n                                <figure class=\"columns__media columns__media--cell\">\n            <div class=\"columns__figure columns__figure--flex-aic-jcfe columns__figure--relative\">\n                                                                <div class=\"video video--cell video--relative\" id=\"video_block_ac218380fa913ea0ac6b5128a4511169_8896\">\n                    <div class=\"video__container\" data-player=\"2qnnQZSyRVY\" data-id=\"player_block_ac218380fa913ea0ac6b5128a4511169_8896\" data-type=\"oembed\">\n                        <div class=\"video__player\" id=\"player_block_ac218380fa913ea0ac6b5128a4511169_8896\"><\/div>\n                        <div class=\"video__cover video__cover--ovhidden\" style=\"background-image:url(https:\/\/www.icro.it\/app\/uploads\/2025\/12\/Progetto-senza-titolo-1-1.png)\">\n                                                        <strong class=\"video__play video__play--upper video__play--aligncenter video__play--flex-aic-jcc video__play--font-size-11\">\n                                 <span>Play<br\/>video<\/span>\n                            <\/strong>\n                        <\/div>\n                        <div class=\"video__controls video__controls--flex-nowrap-aic\">\n                            <span class=\"video__play-pause video__play-pause--upper video__play-pause--font-size-10\" data-play-text=\"Play\" data-pause-text=\"Pause\">\n                            <\/span>\n                            <div class=\"video__bar\">\n                                <div class=\"video__buffer\"><\/div>\n                                <div class=\"video__progress video__progress--bg-white\"><\/div>\n                                <span class=\"video__tooltip video__tooltip--font-size-10-upper\"><\/span>\n                            <\/div>\n                            <span class=\"video__duration video__duration--font-size-10-upper\"><\/span>\n                        <\/div>\n                    <\/div>\n                <\/div>\n                                            <\/div>\n        <\/figure>\n                <div class=\"columns__content columns__content--cell columns__content--split\" data-translate-opacity='{\"y\": 60}'>\n                                    \n\n<p class=\"paragraph paragraph--font-size-20\"><strong>Desde el conocimiento de diferentes habilidades nace un enfoque riguroso de la investigaci\u00f3n y el desarrollo para dar vida a la innovaci\u00f3n.<\/strong><\/p>\n\n\n\n<p class=\"paragraph\">Los altos niveles de calidad que caracterizan a ICRO nunca son un punto de llegada, sino una base para seguir elevando los est\u00e1ndares de producci\u00f3n y producto: nuevas innovaciones e ideas nacen continuamente gracias al compromiso de nuestros investigadores y formuladores, que trabajan codo con codo compartiendo experiencia y compromiso con la mejora.<\/p>\n\n\n                    <\/div>\n    <\/div>\n<\/section>\n\n<section class=\"row row--shrink-mw row--columns row--grow-hg-bottom row--bg\">\n        <header class=\"row__header row__header--grow-lg-bottom row__header--flex-jcfe\">\n        <h2 class=\"row__title row__title--cell-s6 row__title--color-primary columns__title--font-size-38 row__title--ovhidden\">\n                        <div class=\"floater-row floater-row--animate floater-row--bg-primary\"><\/div>\n                        <div data-split-title>Innovaciones<\/div>  \n        <\/h2>\n    <\/header>\n        <div class=\"columns columns--relative columns--media-text columns--shr columns--flex columns--flex-reverse columns--smaller columns--flex-aife columns--grow-lg-top columns--bg\">\n                <div class=\"columns__background columns__background--bg-secondary\"><\/div>\n                                <figure class=\"columns__media columns__media--cell-s6\">\n            <div class=\"columns__figure columns__figure--relative columns__figure--flex-aic-jcfs\">\n                                <div class=\"floater floater--columns floater--bg-secondary floater--top-left\"><\/div>\n                <img decoding=\"async\" src=\"https:\/\/www.icro.it\/app\/uploads\/2020\/10\/b9bb0b9d-08b2-4278-94fd-6a2407afe933.jpg\" class=\"columns__image columns__image--normal\" \/>\n                            <\/div>\n        <\/figure>\n                <div class=\"columns__content columns__content--cell-s6 columns__content--color-white columns__content--relative columns__content--grow-sg-bottom\">\n                                    <div class=\"floater-row floater-row--animate floater-row--bg-white\"><\/div>\n                        \n\n<p class=\"paragraph\">Nuestros investigadores estudian soluciones de barnices espec\u00edficas para satisfacer una amplia gama de necesidades, que van desde aplicaciones industriales en las condiciones de uso m\u00e1s severas hasta el bricolaje dom\u00e9stico.<br>En nuestro laboratorio de aplicaciones, equipado con los m\u00e1s modernos equipos para la aplicaci\u00f3n de barnices, cada nueva formulaci\u00f3n es probada escrupulosamente para garantizar siempre la promesa de calidad de ICRO.<br>Hoy en d\u00eda, nuestra investigaci\u00f3n para la innovaci\u00f3n se enfoca en la eco-sostenibilidad de los productos y nuestro compromiso nos ha llevado a crear la l\u00ednea Bio Coatings libre de resinas y solventes y solventes petroqu\u00edmicos, manteniendo los mismos niveles de calidad y rendimiento que la pintura de poliuretano.<\/p>\n\n\n                    <\/div>\n    <\/div>\n<\/section>\n\n\n<p class=\"paragraph\"><\/p>\n","protected":false},"excerpt":{"rendered":"","protected":false},"author":1,"featured_media":8898,"parent":0,"menu_order":0,"comment_status":"closed","ping_status":"closed","template":"","meta":[],"acf":[],"_links":{"self":[{"href":"https:\/\/www.icro.it\/es\/wp-json\/wp\/v2\/pages\/8896"}],"collection":[{"href":"https:\/\/www.icro.it\/es\/wp-json\/wp\/v2\/pages"}],"about":[{"href":"https:\/\/www.icro.it\/es\/wp-json\/wp\/v2\/types\/page"}],"author":[{"embeddable":true,"href":"https:\/\/www.icro.it\/es\/wp-json\/wp\/v2\/users\/1"}],"replies":[{"embeddable":true,"href":"https:\/\/www.icro.it\/es\/wp-json\/wp\/v2\/comments?post=8896"}],"version-history":[{"count":5,"href":"https:\/\/www.icro.it\/es\/wp-json\/wp\/v2\/pages\/8896\/revisions"}],"predecessor-version":[{"id":17682,"href":"https:\/\/www.icro.it\/es\/wp-json\/wp\/v2\/pages\/8896\/revisions\/17682"}],"wp:featuredmedia":[{"embeddable":true,"href":"https:\/\/www.icro.it\/es\/wp-json\/wp\/v2\/media\/8898"}],"wp:attachment":[{"href":"https:\/\/www.icro.it\/es\/wp-json\/wp\/v2\/media?parent=8896"}],"curies":[{"name":"wp","href":"https:\/\/api.w.org\/{rel}","templated":true}]}}