{"id":8909,"date":"2020-07-19T14:04:50","date_gmt":"2020-07-19T14:04:50","guid":{"rendered":"https:\/\/www.icro.it\/sostenibilita\/"},"modified":"2021-07-19T09:33:53","modified_gmt":"2021-07-19T09:33:53","slug":"sostenibilidad","status":"publish","type":"page","link":"https:\/\/www.icro.it\/es\/sostenibilidad\/","title":{"rendered":"Sostenibilidad"},"content":{"rendered":"<section class=\"row row--shrink-mw row--columns row--grow-hg-bottom\">\n        <header class=\"row__header row__header--grow-lg-bottom row__header--flex\">\n        <h2 class=\"row__title row__title--cell-s6 row__title--color-primary columns__title--font-size-38 row__title--ovhidden\">\n                        <div class=\"floater-row floater-row--animate floater-row--bg-primary\"><\/div>\n                        <div data-split-title>Plata en<br>sostenibilidad<\/div>  \n        <\/h2>\n    <\/header>\n        <div class=\"columns columns--relative columns--media-text columns--shr columns--flex columns--smaller\">\n                                <figure class=\"columns__media columns__media--cell-s6\">\n            <div class=\"columns__figure columns__figure--relative columns__figure--flex-aic-jcfe\">\n                                <div class=\"floater floater--columns floater--bg-secondary floater--top-right\"><\/div>\n                <img decoding=\"async\" src=\"https:\/\/www.icro.it\/app\/uploads\/2021\/07\/Grafico-EcoVadis_1-copia.jpg\" class=\"columns__image columns__image--normal\" \/>\n                            <\/div>\n        <\/figure>\n                <div class=\"columns__content columns__content--cell-s6\">\n                                    \n\n<p class=\"paragraph paragraph--font-size-16\"><strong><strong>ICRO recibi\u00f3 la Medalla de Plata a la sostenibilidad de EcoVadis, quedando entre el 20% de las mejores empresas del sector en materia de RSE.<\/strong><\/strong><\/p>\n\n\n\n<p class=\"paragraph\">EcoVadis es el proveedor universal de evaluaciones de sostenibilidad que ayuda a m\u00e1s de 75.000 empresas en m\u00e1s de 160 pa\u00edses a gestionar sus cadenas de suministro y adoptar pr\u00e1cticas sostenibles, utilizando una plataforma com\u00fan, una evaluaci\u00f3n universal, puntos de referencia y herramientas de mejora del rendimiento.<\/p>\n\n\n\n<p class=\"paragraph\">Las evaluaciones de EcoVadis se basan en est\u00e1ndares internacionales de sostenibilidad (Global Reporting Initiative, Global Compact&nbsp;de las Naciones Unidas, ISO 26000) y son supervisadas por un comit\u00e9 cient\u00edfico de expertos en RSE y cadena de suministro.<\/p>\n\n\n\n<p class=\"paragraph\"><a href=\"http:\/\/www.icro.it\/download\/9307\/\" target=\"_blank\" rel=\"noreferrer noopener\"><img decoding=\"async\" loading=\"lazy\" width=\"1667\" height=\"1667\" class=\"wp-image-9301\" style=\"width: 150px;\" src=\"https:\/\/www.icro.it\/app\/uploads\/2021\/07\/csr.png\" alt=\"\" srcset=\"https:\/\/www.icro.it\/app\/uploads\/2021\/07\/csr.png 1667w, https:\/\/www.icro.it\/app\/uploads\/2021\/07\/csr-300x300.png 300w, https:\/\/www.icro.it\/app\/uploads\/2021\/07\/csr-1024x1024.png 1024w, https:\/\/www.icro.it\/app\/uploads\/2021\/07\/csr-150x150.png 150w, https:\/\/www.icro.it\/app\/uploads\/2021\/07\/csr-768x768.png 768w, https:\/\/www.icro.it\/app\/uploads\/2021\/07\/csr-1536x1536.png 1536w, https:\/\/www.icro.it\/app\/uploads\/2021\/07\/csr-800x800.png 800w, https:\/\/www.icro.it\/app\/uploads\/2021\/07\/csr-550x550.png 550w, https:\/\/www.icro.it\/app\/uploads\/2021\/07\/csr-750x750.png 750w, https:\/\/www.icro.it\/app\/uploads\/2021\/07\/csr-100x100.png 100w\" sizes=\"(max-width: 1667px) 100vw, 1667px\" \/><\/a><\/p>\n\n\n                    <\/div>\n    <\/div>\n<\/section>\n\n<section class=\"row row--shrink-mw row--columns row--grow-hg-bottom row--bg\">\n        <header class=\"row__header row__header--grow-lg-bottom row__header--flex\">\n        <h2 class=\"row__title row__title--cell-s6 row__title--color-primary columns__title--font-size-38 row__title--ovhidden\">\n                        <div class=\"floater-row floater-row--animate floater-row--bg-primary\"><\/div>\n                        <div data-split-title>Ayudamos a construir un futuro m\u00e1s sostenible con cada pincelada<\/div>  \n        <\/h2>\n    <\/header>\n        <div class=\"columns columns--relative columns--media-text columns--shr columns--flex  columns--flex-aife columns--grow-lg-top columns--bg\">\n                <div class=\"columns__background columns__background--bg-light\"><\/div>\n                                <figure class=\"columns__media columns__media--cell\">\n            <div class=\"columns__figure columns__figure--flex-aic-jcfe columns__figure--relative\">\n                                                <img decoding=\"async\" src=\"https:\/\/www.icro.it\/app\/uploads\/2021\/07\/sostenibilita-icro.jpg\" class=\"columns__image columns__image--big\" \/>\n                                            <\/div>\n        <\/figure>\n                <div class=\"columns__content columns__content--cell columns__content--relative columns__content--grow-sg-bottom columns__content--split\" data-translate-opacity='{\"y\": 60}'>\n                                    \n\n<p class=\"paragraph paragraph--font-size-16\"><strong><strong>Promovemos una mayor eco-sostenibilidad en toda la cadena de suministro, contribuyendo as\u00ed a reducir las emisiones de CO2 y proteger el medio ambiente.<\/strong><\/strong><\/p>\n\n\n\n<p class=\"paragraph\">ICRO ha desarrollado diversas soluciones para reducir el contenido de petr\u00f3leo y emisiones de disolventes gracias al uso de biodisolventes, compuestos de origen org\u00e1nico y una gama de barnices con residuo 100% s\u00f3lido.<\/p>\n\n\n                    <\/div>\n    <\/div>\n<\/section>\n\n<section class=\"row row--shrink-mw row--columns row--grow-hg-bottom row--bg\">\n        <header class=\"row__header row__header--grow-lg-bottom row__header--flex-jcfe\">\n        <h2 class=\"row__title row__title--cell-s6 row__title--color-primary columns__title--font-size-38 row__title--ovhidden\">\n                        <div class=\"floater-row floater-row--animate floater-row--bg-primary\"><\/div>\n                        <div data-split-title>Nuestro compromiso<\/div>  \n        <\/h2>\n    <\/header>\n        <div class=\"columns columns--relative columns--media-text columns--shr columns--flex columns--flex-reverse columns--smaller columns--flex-aife columns--grow-lg-top columns--bg\">\n                <div class=\"columns__background columns__background--bg-light\"><\/div>\n                                <figure class=\"columns__media columns__media--cell-s6\">\n            <div class=\"columns__figure columns__figure--relative columns__figure--flex-aic-jcfs\">\n                                <div class=\"floater floater--columns floater--bg-secondary floater--top-left\"><\/div>\n                <img decoding=\"async\" src=\"https:\/\/www.icro.it\/app\/uploads\/2020\/07\/persone.jpg\" class=\"columns__image columns__image--normal\" \/>\n                            <\/div>\n        <\/figure>\n                <div class=\"columns__content columns__content--cell-s6 columns__content--relative columns__content--grow-sg-bottom\">\n                                    \n\n<p class=\"paragraph paragraph--font-size-20\"><strong>Durante unos treinta a\u00f1os ICRO ha dedicado varios departamentos de producci\u00f3n a la producci\u00f3n exclusiva de barnices al agua, desde impregnantes para exteriores hasta acabados de secado UV.<\/strong><\/p>\n\n\n\n<p class=\"paragraph\">Para reducir las emisiones de producci\u00f3n, se utilizan posquemadores, que convierten las emisiones en energ\u00eda. Para alimentar los departamentos, ICRO ha implementado sistemas fotovoltaicos a lo largo del per\u00edmetro de producci\u00f3n, para reducir a\u00fan m\u00e1s nuestro impacto ambiental.<\/p>\n\n\n\n<p class=\"paragraph\">ICRO tambi\u00e9n contribuye a la cultura de la provincia donde naci\u00f3 la empresa, promoviendo la identidad de B\u00e9rgamo en el mundo y el valor de la \u00f3pera como Embajador de Donizetti.<\/p>\n\n\n                    <\/div>\n    <\/div>\n<\/section>","protected":false},"excerpt":{"rendered":"","protected":false},"author":1,"featured_media":8910,"parent":0,"menu_order":0,"comment_status":"closed","ping_status":"closed","template":"","meta":[],"acf":[],"_links":{"self":[{"href":"https:\/\/www.icro.it\/es\/wp-json\/wp\/v2\/pages\/8909"}],"collection":[{"href":"https:\/\/www.icro.it\/es\/wp-json\/wp\/v2\/pages"}],"about":[{"href":"https:\/\/www.icro.it\/es\/wp-json\/wp\/v2\/types\/page"}],"author":[{"embeddable":true,"href":"https:\/\/www.icro.it\/es\/wp-json\/wp\/v2\/users\/1"}],"replies":[{"embeddable":true,"href":"https:\/\/www.icro.it\/es\/wp-json\/wp\/v2\/comments?post=8909"}],"version-history":[{"count":10,"href":"https:\/\/www.icro.it\/es\/wp-json\/wp\/v2\/pages\/8909\/revisions"}],"predecessor-version":[{"id":17206,"href":"https:\/\/www.icro.it\/es\/wp-json\/wp\/v2\/pages\/8909\/revisions\/17206"}],"wp:featuredmedia":[{"embeddable":true,"href":"https:\/\/www.icro.it\/es\/wp-json\/wp\/v2\/media\/8910"}],"wp:attachment":[{"href":"https:\/\/www.icro.it\/es\/wp-json\/wp\/v2\/media?parent=8909"}],"curies":[{"name":"wp","href":"https:\/\/api.w.org\/{rel}","templated":true}]}}