{"id":9024,"date":"2020-07-19T16:06:02","date_gmt":"2020-07-19T16:06:02","guid":{"rendered":"https:\/\/www.icro.it\/trova-il-rivenditore-o-agente-icro-piu-vicino-a-te\/"},"modified":"2025-06-13T15:21:41","modified_gmt":"2025-06-13T13:21:41","slug":"encuentre-el-distribuidor","status":"publish","type":"page","link":"https:\/\/www.icro.it\/es\/encuentre-el-distribuidor\/","title":{"rendered":"Encuentre el distribuidor o agente ICRO m\u00e1s cercano"},"content":{"rendered":"<header class=\"header header--page header--relative header--grow-hg-bottom header--ovhidden header--shrink-fw-left header--margin-open\">\n    <div class=\"header__container header__container--flex header__container--relative header__container--shrink-mw-left\">\n        <div class=\"header__content header__content--grow-md header__content--cell-s3\">\n            <h1 class=\"header__title header__title--font-size-60\">\n                Encuentre el distribuidor o agente ICRO m\u00e1s cercano\n            <\/h1>\n        <\/div>\n        <div class=\"header__content-wrapper header__content-wrapper--relative header__content-wrapper--cell-s9\">\n            <div class=\"floater floater--bg-secondary floater--bottom-left\"><\/div>\n            <div class=\"header__content header__content--grow-lg header__content--shrink-sg header__content--bg-lighter header__content--logo header__content header__content--relative\">\n                <form class=\"form form--relative\" data-scroll-translate=\"bottom\" novalidate>\n            \n\n<p class=\"paragraph paragraph--font-size-20\">Complete el formulario y ser\u00e1 contactado lo antes posible por el distribuidor o agente m\u00e1s cercano a usted.<\/p>\n\n\n            <div class=\"form__input form__input--text form__input--grow-sml-bottom\"><input placeholder=\"Nombre de la empresa (requerido)\" type=\"text\" name=\"billing_company\" required><\/div>\n        <div class=\"form__input form__input--text form__input--grow-sml-bottom\"><input placeholder=\"Nombre (requerido)\" type=\"text\" name=\"first_name\" required><\/div>\n        <div class=\"form__input form__input--text form__input--grow-sml-bottom\"><input placeholder=\"Apellidos (requerido)\" type=\"text\" name=\"last_name\" required><\/div>\n        <div class=\"form__input form__input--text form__input--grow-sml-bottom\"><input placeholder=\"Correo electr\u00f3nico\" type=\"email\" name=\"email\" required><\/div>\n        <div class=\"form__input form__input--text form__input--grow-sml-bottom\"><input placeholder=\"Tel\u00e9fono (requerido)\" type=\"tel\" name=\"billing_phone\" required><\/div>\n        <div class=\"form__select form__select--grow-sml-bottom\"><select name=\"billin_country\"><option value=\"\">Pa\u00eds (requerido)<\/option><option value=\"AF\">Afganist\u00e1n<\/option><option value=\"AL\">Albania<\/option><option value=\"DE\">Alemania<\/option><option value=\"AD\">Andorra<\/option><option value=\"AO\">Angola<\/option><option value=\"AI\">Anguilla<\/option><option value=\"AQ\">Ant\u00e1rtida<\/option><option value=\"AG\">Antigua y Barbuda<\/option><option value=\"SA\">Arabia Saudita<\/option><option value=\"DZ\">Argelia<\/option><option value=\"AR\">Argentina<\/option><option value=\"AM\">Armenia<\/option><option value=\"AW\">Aruba<\/option><option value=\"AU\">Australia<\/option><option value=\"AT\">Austria<\/option><option value=\"AZ\">Azerbaijan<\/option><option value=\"BS\">Bahamas<\/option><option value=\"BH\">Bahrain<\/option><option value=\"BD\">Bangladesh<\/option><option value=\"BB\">Barbados<\/option><option value=\"PW\">Belau<\/option><option value=\"BE\">B\u00e9lgica<\/option><option value=\"BZ\">Belize<\/option><option value=\"BJ\">Benin<\/option><option value=\"BM\">Bermuda<\/option><option value=\"BT\">Bhutan<\/option><option value=\"BY\">Bielorrusia<\/option><option value=\"MM\">Birmania<\/option><option value=\"BO\">Bolivia<\/option><option value=\"BQ\">Bonaire, San Eustaquio y Saba<\/option><option value=\"BA\">Bosnia y Herzegovina<\/option><option value=\"BW\">Botswana<\/option><option value=\"BR\">Brasil<\/option><option value=\"BN\">Brun\u00e9i<\/option><option value=\"BG\">Bulgaria<\/option><option value=\"BF\">Burkina Faso<\/option><option value=\"BI\">Burundi<\/option><option value=\"CV\">Cabo Verde<\/option><option value=\"KH\">Camboya<\/option><option value=\"CM\">Camer\u00fan<\/option><option value=\"CA\">Canad\u00e1<\/option><option value=\"TD\">Chad<\/option><option value=\"CL\">Chile<\/option><option value=\"CN\">China<\/option><option value=\"CY\">Chipre<\/option><option value=\"VA\">Ciudad del Vaticano<\/option><option value=\"CO\">Colombia<\/option><option value=\"KM\">Comoras<\/option><option value=\"CG\">Congo (Brazzaville)<\/option><option value=\"CD\">Congo (Kinshasa)<\/option><option value=\"KP\">Corea del Norte<\/option><option value=\"KR\">Corea del Sur<\/option><option value=\"CI\">Costa de Marfil<\/option><option value=\"CR\">Costa Rica<\/option><option value=\"HR\">Croacia<\/option><option value=\"CU\">Cuba<\/option><option value=\"CW\">Cura&ccedil;ao<\/option><option value=\"DK\">Dinamarca<\/option><option value=\"DJ\">Djibouti<\/option><option value=\"DM\">Dominica<\/option><option value=\"EC\">Ecuador<\/option><option value=\"EG\">Egipto<\/option><option value=\"SV\">El Salvador<\/option><option value=\"AE\">Emiratos \u00c1rabes Unidos<\/option><option value=\"ER\">Eritrea<\/option><option value=\"SK\">Eslovaquia<\/option><option value=\"SI\">Eslovenia<\/option><option value=\"ES\">Espa\u00f1a<\/option><option value=\"US\">Estados Unidos (EEUU)<\/option><option value=\"EE\">Estonia<\/option><option value=\"SZ\">Esuatini<\/option><option value=\"ET\">Etiop\u00eda<\/option><option value=\"PH\">Filipinas<\/option><option value=\"FI\">Finlandia<\/option><option value=\"FJ\">Fiyi<\/option><option value=\"FR\">Francia<\/option><option value=\"GA\">Gab\u00f3n<\/option><option value=\"GM\">Gambia<\/option><option value=\"GE\">Georgia<\/option><option value=\"GH\">Ghana<\/option><option value=\"GI\">Gibraltar<\/option><option value=\"GD\">Granada<\/option><option value=\"GR\">Grecia<\/option><option value=\"GL\">Groenlandia<\/option><option value=\"GP\">Guadalupe<\/option><option value=\"GU\">Guam<\/option><option value=\"GT\">Guatemala<\/option><option value=\"GF\">Guayana Francesa<\/option><option value=\"GG\">Guernsey<\/option><option value=\"GN\">Guinea<\/option><option value=\"GQ\">Guinea Ecuatorial<\/option><option value=\"GW\">Guinea-Bis\u00e1u<\/option><option value=\"GY\">Guyana<\/option><option value=\"HT\">Hait\u00ed<\/option><option value=\"HN\">Honduras<\/option><option value=\"HK\">Hong Kong<\/option><option value=\"HU\">Hungr\u00eda<\/option><option value=\"IN\">India<\/option><option value=\"ID\">Indonesia<\/option><option value=\"IQ\">Irak<\/option><option value=\"IR\">Ir\u00e1n<\/option><option value=\"IE\">Irlanda<\/option><option value=\"BV\">Isla Bouvet<\/option><option value=\"IM\">Isla de Man<\/option><option value=\"CX\">Isla de Navidad<\/option><option value=\"NF\">Isla Norfolk<\/option><option value=\"SH\">Isla Santa Elena<\/option><option value=\"IS\">Islandia<\/option><option value=\"AX\">Islas \u00c5land<\/option><option value=\"KY\">Islas Caim\u00e1n<\/option><option value=\"CC\">Islas Cocos<\/option><option value=\"CK\">Islas Cook<\/option><option value=\"UM\">Islas de ultramar menores de Estados Unidos (EEUU)<\/option><option value=\"FO\">Islas Feroe<\/option><option value=\"GS\">Islas Georgias y Sandwich del Sur<\/option><option value=\"HM\">Islas Heard y McDonald<\/option><option value=\"FK\">Islas Malvinas<\/option><option value=\"MP\">Islas Marianas del Norte<\/option><option value=\"MH\">Islas Marshall<\/option><option value=\"SB\">Islas Salom\u00f3n<\/option><option value=\"TC\">Islas Turcas y Caicos<\/option><option value=\"VG\">Islas V\u00edrgenes (Brit\u00e1nicas)<\/option><option value=\"VI\">Islas V\u00edrgenes (EEUU)<\/option><option value=\"IL\">Israel<\/option><option value=\"IT\">Italia<\/option><option value=\"JM\">Jamaica<\/option><option value=\"JP\">Jap\u00f3n<\/option><option value=\"JE\">Jersey<\/option><option value=\"JO\">Jordania<\/option><option value=\"KZ\">Kazajist\u00e1n<\/option><option value=\"KE\">Kenia<\/option><option value=\"KG\">Kirguist\u00e1n<\/option><option value=\"KI\">Kiribati<\/option><option value=\"KW\">Kuwait<\/option><option value=\"LA\">Laos<\/option><option value=\"LS\">Lesoto<\/option><option value=\"LV\">Letonia<\/option><option value=\"LB\">L\u00edbano<\/option><option value=\"LR\">Liberia<\/option><option value=\"LY\">Libia<\/option><option value=\"LI\">Liechtenstein<\/option><option value=\"LT\">Lituania<\/option><option value=\"LU\">Luxemburgo<\/option><option value=\"MO\">Macao<\/option><option value=\"MK\">Macedonia del Norte<\/option><option value=\"MG\">Madagascar<\/option><option value=\"MY\">Malasia<\/option><option value=\"MW\">Malaui<\/option><option value=\"MV\">Maldivas<\/option><option value=\"ML\">Mal\u00ed<\/option><option value=\"MT\">Malta<\/option><option value=\"MA\">Marruecos<\/option><option value=\"MQ\">Martinica<\/option><option value=\"MU\">Mauricio<\/option><option value=\"MR\">Mauritania<\/option><option value=\"YT\">Mayotte<\/option><option value=\"MX\">M\u00e9xico<\/option><option value=\"FM\">Micronesia<\/option><option value=\"MD\">Moldavia<\/option><option value=\"MC\">M\u00f3naco<\/option><option value=\"MN\">Mongolia<\/option><option value=\"ME\">Montenegro<\/option><option value=\"MS\">Montserrat<\/option><option value=\"MZ\">Mozambique<\/option><option value=\"NA\">Namibia<\/option><option value=\"NR\">Nauru<\/option><option value=\"NP\">Nepal<\/option><option value=\"NI\">Nicaragua<\/option><option value=\"NE\">N\u00edger<\/option><option value=\"NG\">Nigeria<\/option><option value=\"NU\">Niue<\/option><option value=\"NO\">Noruega<\/option><option value=\"NC\">Nueva Caledonia<\/option><option value=\"NZ\">Nueva Zelanda<\/option><option value=\"OM\">Om\u00e1n<\/option><option value=\"NL\">Pa\u00edses Bajos<\/option><option value=\"PK\">Pakist\u00e1n<\/option><option value=\"PA\">Panam\u00e1<\/option><option value=\"PG\">Pap\u00faa Nueva Guinea<\/option><option value=\"PY\">Paraguay<\/option><option value=\"PE\">Per\u00fa<\/option><option value=\"PN\">Pitcairn<\/option><option value=\"PF\">Polinesia Francesa<\/option><option value=\"PL\">Polonia<\/option><option value=\"PT\">Portugal<\/option><option value=\"PR\">Puerto Rico<\/option><option value=\"QA\">Qatar<\/option><option value=\"GB\">Reino Unido (UK)<\/option><option value=\"CF\">Rep\u00fablica Centroafricana<\/option><option value=\"CZ\">Rep\u00fablica Checa<\/option><option value=\"DO\">Rep\u00fablica Dominicana<\/option><option value=\"RE\">Reuni\u00f3n<\/option><option value=\"RW\">Ruanda<\/option><option value=\"RO\">Rumania<\/option><option value=\"RU\">Rusia<\/option><option value=\"EH\">Sahara Occidental<\/option><option value=\"WS\">Samoa<\/option><option value=\"AS\">Samoa Americana<\/option><option value=\"BL\">San Bartolom\u00e9<\/option><option value=\"KN\">San Crist\u00f3bal y Nieves<\/option><option value=\"SM\">San Marino<\/option><option value=\"SX\">San Mart\u00edn (Pa\u00edses Bajos)<\/option><option value=\"MF\">San Mart\u00edn (parte de Francia)<\/option><option value=\"PM\">San Pedro y Miquel\u00f3n<\/option><option value=\"VC\">San Vicente y las Granadinas<\/option><option value=\"LC\">Santa Luc\u00eda<\/option><option value=\"ST\">Santo Tom\u00e9 y Pr\u00edncipe<\/option><option value=\"SN\">Senegal<\/option><option value=\"RS\">Serbia<\/option><option value=\"SC\">Seychelles<\/option><option value=\"SL\">Sierra Leona<\/option><option value=\"SG\">Singapur<\/option><option value=\"SY\">Siria<\/option><option value=\"SO\">Somalia<\/option><option value=\"LK\">Sri Lanka<\/option><option value=\"ZA\">Sud\u00e1frica<\/option><option value=\"SD\">Sud\u00e1n<\/option><option value=\"SS\">Sud\u00e1n del Sur<\/option><option value=\"SE\">Suecia<\/option><option value=\"CH\">Suiza<\/option><option value=\"SR\">Surinam<\/option><option value=\"SJ\">Svalbard y Jan Mayen<\/option><option value=\"TH\">Tailandia<\/option><option value=\"TW\">Taiw\u00e1n<\/option><option value=\"TZ\">Tanzania<\/option><option value=\"TJ\">Tayikist\u00e1n<\/option><option value=\"IO\">Territorio Brit\u00e1nico del Oc\u00e9ano \u00cdndico<\/option><option value=\"TF\">Territorios australes franceses<\/option><option value=\"PS\">Territorios Palestinos<\/option><option value=\"TL\">Timor Oriental<\/option><option value=\"TG\">Togo<\/option><option value=\"TK\">Tokelau<\/option><option value=\"TO\">Tonga<\/option><option value=\"TT\">Trinidad y Tobago<\/option><option value=\"TN\">T\u00fanez<\/option><option value=\"TM\">Turkmenist\u00e1n<\/option><option value=\"TR\">Turqu\u00eda<\/option><option value=\"TV\">Tuvalu<\/option><option value=\"UA\">Ucrania<\/option><option value=\"UG\">Uganda<\/option><option value=\"UY\">Uruguay<\/option><option value=\"UZ\">Uzbekist\u00e1n<\/option><option value=\"VU\">Vanuatu<\/option><option value=\"VE\">Venezuela<\/option><option value=\"VN\">Vietnam<\/option><option value=\"WF\">Wallis y Futuna<\/option><option value=\"YE\">Yemen<\/option><option value=\"ZM\">Zambia<\/option><option value=\"ZW\">Zimbabue<\/option><\/select><\/div>\n        <div class=\"form__input form__input--text form__input--grow-sml-bottom\"><input placeholder=\"C\u00f3digo postal \/ ciudad\" type=\"text\" name=\"billing_postcode\"><\/div>\n            <input type=\"hidden\" value=\"https:\/\/www.icro.it\/es\/gracias-por-contactarnos\/\" name=\"thank_you\" \/>\n        <input type=\"hidden\" value=\"form\" name=\"action\" \/>\n    <input type=\"hidden\" value=\"dealerSearch\" name=\"event\" \/>\n    <input type=\"hidden\" value=\"Rivenditore1ES\" name=\"tags\" \/>\n    <input type=\"hidden\" value=\"Ricerca rivenditore\" name=\"subject\" \/>\n    <div style=\"display:none;visibility:hidden\">\n        <input type=\"text\" name=\"email_address\" placeholder=\"Email\">\n        <input type=\"text\" name=\"website\" placeholder=\"Website\">\n    <\/div>\n            \n    <div class=\"form__input form__input--cell\">\n        <input type=\"checkbox\" name=\"privacy\" id=\"privacy\" value=\"1\"><label for=\"privacy\" data-cursor=\"none\" >\n            <span class=\"form__label form__label--font-size-12\">Acepto y doy mi consentimiento para el tratamiento de mis datos personales seg\u00fan su <a href=\"https:\/\/www.icro.it\/privacy-policy\/\" target=\"_blank\">privacy policy<\/a><\/span>\n        <\/label>\n    <\/div>\n    <div class=\"form__input form__input--grow-top form__input--cell\">\n        <input type=\"checkbox\" name=\"marketing\" id=\"marketing\" value=\"1\"><label for=\"marketing\" data-cursor=\"none\" >\n            <span class=\"form__label form__label--font-size-12\" data-cursor=\"none\" >Doy mi consentimiento para el uso de los datos ingresados para el env\u00edo de comunicaciones de marketing por parte del Responsable del Tratamiento<\/span>\n        <\/label>\n    <\/div>\n    \n    <div class=\"form__row form__row--grow-top\">\n        <button data-cursor=\"none\" type=\"submit\" class=\"button button--bg-primary button--rounded\">Enviar Consulta\n        <\/button>\n    <\/div>\n    <\/form>\n\n\t<script>\n\t\tjQuery(document).ready(function() {\n\t\t\tjQuery(\"[name='billin_country']\").prop(\"required\", true);\n\t\t});\n\t<\/script>            <\/div>\n        <\/div>\n        \n    <\/div>\n    <aside class=\"header__aside header__aside--shrink-fw\">\n        <div class=\"header__aside-wrapper header__aside-wrapper--relative\">\n            <div class=\"header__aside-inner\">\n                <a href=\"#\" class=\"header__scrollto\" data-router-disabled data-scroll-to=\"#scroll-trigger\">Deslizar<\/a>\n            <\/div>\n        <\/div>\n    <\/aside> \n<\/header>\n<hr id=\"scroll-trigger\" class=\"trigger-hr\" \/>\n\n<div class=\"row row--grow-hg-bottom row--shrink-mw\">\n    <div class=\"columns columns--bg columns--relative columns--grow-lg-top columns--flex-jcsb columns--shr-left columns--dealers\">\n        <div class=\"columns__background columns__background--bg-ultralight\"><\/div>\n        <div class=\"floater-row  floater-row--relative floater-row--cell floater-row--bg-secondary\"><\/div>\n        <div class=\"columns__content columns__content--grow-lg-bottom columns__content--cell-s5 columns__content--relative\">\n            <h2 class=\"columns__title columns__title--font-size-48\" data-split-title>\n                Convi\u00e9rtete en distribuidor\n            <\/h2>\n            <div class=\"columns__desc columns__desc--grow-md\" data-translate-opacity='{\"x\":-40}'>\n                <p class=\"paragraph paragraph--font-weight-300 paragraph--font-size-24\">Complete el formulario y ser\u00e1 contactado lo antes posible por la Secretar\u00eda Comercial de ICRO.<\/p>\n\n            <\/div>\n            <nav class=\"columns__nav\" data-translate-opacity='{\"x\":-40}'>\n                <a data-router-disabled href=\"#\" class=\"button button--rounded button--font-size-13 button--bg-primary\" data-class-toggle='[{\"id\":\"#popup_dealer_9024\",\"class\":\"popup--active\"},{\"id\":\"html\",\"class\":\"no-scrollable\",\"add\":true}]'>\n                    Convi\u00e9rtete en distribuidor\n                <\/a>\n            <\/nav>\n        <\/div>\n                <figure class=\"columns__figure columns__figure--zoomed columns__figure--relative columns__figure--grow-hg-top columns__figure--cell-s6 columns__figure--hide-on-mobile\">\n            <div class=\"columns__figure-wrapper columns__figure-wrapper--ovhidden\"><img decoding=\"async\" src=\"https:\/\/www.icro.it\/app\/uploads\/2020\/07\/dealers.jpg\" class=\"columns__image columns__image--fluid\"><\/div>\n        <\/figure>\n            <\/div>\n<\/div>\n<div class=\"popup popup--form popup--bg-white\" id=\"popup_dealer_9024\">\n    <div class=\"popup__top popup__top--bg-white popup__top--grow popup__top--flex-aic-jcfe popup__top--shrink-fw\">\n        <div class=\"popup__close popup__close--font-size-12 popup__close--upper popup__close--flex-aic\" data-class-toggle='[{\"id\":\"#popup_dealer_9024\", \"class\":\"popup--active\",\"remove\":true},{\"id\":\"html\",\"class\":\"no-scrollable\",\"remove\":true}]'>\n            Cierra\n            <span class=\"popup__close-sign\"><\/span>\n        <\/div>\n    <\/div>\n    <div class=\"popup__container slider popup__container--shrink-lg\" id=\"popup_dealer_9024_scroller\" data-slider='{\"direction\":\"vertical\",\"mousewheel\":{\"releaseOnEdges\":true},\"slidesPerView\":\"auto\",\"freeMode\":true,\"scrollbar\":{\"el\":\"#popup_dealer_9024_scroller .slider__scrollbar\"},\"loop\":false}'>\n        <div class=\"slider__wrapper\">\n            <div class=\"slider__item\">\n                <h4 class=\"popup__title popup__title--font-size-24\">Convi\u00e9rtete en distribuidor<\/h4>\n                <form class=\"form form--grow-md form--relative\" novalidate>\n                                        <div class=\"form__input form__input--text form__input--grow-sml-bottom\"><input placeholder=\"Nombre (requerido)\" type=\"text\" name=\"first_name\" required><\/div>\n                                        <div class=\"form__input form__input--text form__input--grow-sml-bottom\"><input placeholder=\"Apellidos (requerido)\" type=\"text\" name=\"last_name\" required><\/div>\n                                        <div class=\"form__input form__input--text form__input--grow-sml-bottom\"><input placeholder=\"Nombre de la empresa (requerido)\" type=\"text\" name=\"billing_company\" required><\/div>\n                                        <div class=\"form__input form__input--text form__input--grow-sml-bottom\"><input placeholder=\"Direcci\u00f3n de la sede (obligatorio)\" type=\"text\" name=\"billing_address\" required><\/div>\n                                        <div class=\"form__input form__input--text form__input--grow-sml-bottom\"><input placeholder=\"Tel\u00e9fono (requerido)\" type=\"text\" name=\"billing_phone\" required><\/div>\n                                        <div class=\"form__input form__input--text form__input--grow-sml-bottom\"><input placeholder=\"Correo electr\u00f3nico\" type=\"email\" name=\"email\" required><\/div>\n                                        <div class=\"form__input form__input--text form__input--grow-sml-bottom\"><input placeholder=\"\u00c1rea requerida\" type=\"text\" name=\"zone\"><\/div>\n                                        <div class=\"form__input form__input--textarea form__input--grow-bottom\"><textarea name=\"notes\" placeholder=\"Messaggio \"><\/textarea><\/div>\n                                        <input type=\"hidden\" value=\"https:\/\/www.icro.it\/es\/gracias-por-contactarnos\/\" name=\"thank_you\" \/>\n                    <input type=\"hidden\" value=\"form\" name=\"action\" \/>\n                    <input type=\"hidden\" value=\"dealersProposition\" name=\"event\" \/>\n                    <input type=\"hidden\" value=\"Rivenditore2ES\" name=\"tags\" \/>\n                    <input type=\"hidden\" value=\"Candidatura a rivenditore\" name=\"subject\" \/>\n                    <div style=\"display:none;visibility:hidden\">\n                        <input type=\"text\" name=\"email_address\" placeholder=\"Email\">\n                        <input type=\"text\" name=\"website\" placeholder=\"Website\">\n                    <\/div>\n                    <div class=\"form__input form__input--grow-top form__input--cell\">\n                        <input type=\"checkbox\" name=\"privacy\" id=\"privacy-popup-dealers\" value=\"1\"><label for=\"privacy-popup-dealers\" data-cursor=\"none\" >\n                            <span class=\"form__label form__label--font-size-12\">Acepto y doy mi consentimiento para el tratamiento de mis datos personales seg\u00fan su <a href=\"https:\/\/www.icro.it\/privacy-policy\/\" target=\"_blank\">privacy policy<\/a><\/span>\n                        <\/label>\n                    <\/div>\n                    <div class=\"form__input form__input--grow-top form__input--cell\">\n                        <input type=\"checkbox\" name=\"marketing\" id=\"marketing-popup-dealers\" value=\"1\"><label for=\"marketing-popup-dealers\" data-cursor=\"none\" >\n                            <span class=\"form__label form__label--font-size-12\" data-cursor=\"none\" >Doy mi consentimiento para el uso de los datos ingresados para el env\u00edo de comunicaciones de marketing por parte del Responsable del Tratamiento<\/span>\n                        <\/label>\n                    <\/div>\n                    \n                    <div class=\"form__row form__row--grow-sml-top\">\n                        <button data-cursor=\"none\" type=\"submit\" class=\"button button--font-size-13 button--bg-primary button--rounded\">Enviar Consulta\n                        <\/button>\n                    <\/div>\n                <\/form>\n            <\/div>\n        <\/div>\n        <div class=\"slider__scrollbar\"><\/div>\n    <\/div>\n<\/div>","protected":false},"excerpt":{"rendered":"","protected":false},"author":1,"featured_media":0,"parent":0,"menu_order":0,"comment_status":"closed","ping_status":"closed","template":"","meta":[],"acf":[],"_links":{"self":[{"href":"https:\/\/www.icro.it\/es\/wp-json\/wp\/v2\/pages\/9024"}],"collection":[{"href":"https:\/\/www.icro.it\/es\/wp-json\/wp\/v2\/pages"}],"about":[{"href":"https:\/\/www.icro.it\/es\/wp-json\/wp\/v2\/types\/page"}],"author":[{"embeddable":true,"href":"https:\/\/www.icro.it\/es\/wp-json\/wp\/v2\/users\/1"}],"replies":[{"embeddable":true,"href":"https:\/\/www.icro.it\/es\/wp-json\/wp\/v2\/comments?post=9024"}],"version-history":[{"count":12,"href":"https:\/\/www.icro.it\/es\/wp-json\/wp\/v2\/pages\/9024\/revisions"}],"predecessor-version":[{"id":17129,"href":"https:\/\/www.icro.it\/es\/wp-json\/wp\/v2\/pages\/9024\/revisions\/17129"}],"wp:attachment":[{"href":"https:\/\/www.icro.it\/es\/wp-json\/wp\/v2\/media?parent=9024"}],"curies":[{"name":"wp","href":"https:\/\/api.w.org\/{rel}","templated":true}]}}