{"id":10005,"date":"2020-07-22T14:56:36","date_gmt":"2021-09-30T12:42:29","guid":{"rendered":"https:\/\/www.icro.it\/prodotto\/icrothinner-poly-slow\/"},"modified":"2025-03-04T16:56:00","modified_gmt":"2025-03-04T15:56:00","slug":"icrothinner-poly-slow","status":"publish","type":"product","link":"https:\/\/www.icro.it\/es\/producto\/icrothinner-poly-slow\/","title":{"rendered":"ICROTHINNER POLY SLOW"},"content":{"rendered":"<p>S939 Diluyente lento poliacr\u00edlico compuesto de materias primas puras de alta calidad. Espec\u00edfico para pinturas acr\u00edlicas y poliuret\u00e1nicas secadas al aire y al horno, a temperatura media. Temperatura ambiente recomendada 25-35 \u00b0 C<\/p>\n","protected":false},"excerpt":{"rendered":"<p>S939 Diluyente lento poliacr\u00edlico compuesto de materias primas puras de alta calidad. Espec\u00edfico para pinturas acr\u00edlicas y poliuret\u00e1nicas secadas al aire y al horno, a temperatura media. Temperatura ambiente recomendada 25-35 \u00b0 C<\/p>\n","protected":false},"featured_media":9738,"comment_status":"closed","ping_status":"closed","template":"","meta":[],"product_cat":[380,388],"product_tag":[],"acf":[],"_links":{"self":[{"href":"https:\/\/www.icro.it\/es\/wp-json\/wp\/v2\/product\/10005"}],"collection":[{"href":"https:\/\/www.icro.it\/es\/wp-json\/wp\/v2\/product"}],"about":[{"href":"https:\/\/www.icro.it\/es\/wp-json\/wp\/v2\/types\/product"}],"replies":[{"embeddable":true,"href":"https:\/\/www.icro.it\/es\/wp-json\/wp\/v2\/comments?post=10005"}],"wp:featuredmedia":[{"embeddable":true,"href":"https:\/\/www.icro.it\/es\/wp-json\/wp\/v2\/media\/9738"}],"wp:attachment":[{"href":"https:\/\/www.icro.it\/es\/wp-json\/wp\/v2\/media?parent=10005"}],"wp:term":[{"taxonomy":"product_cat","embeddable":true,"href":"https:\/\/www.icro.it\/es\/wp-json\/wp\/v2\/product_cat?post=10005"},{"taxonomy":"product_tag","embeddable":true,"href":"https:\/\/www.icro.it\/es\/wp-json\/wp\/v2\/product_tag?post=10005"}],"curies":[{"name":"wp","href":"https:\/\/api.w.org\/{rel}","templated":true}]}}