{"id":10039,"date":"2021-09-30T12:42:29","date_gmt":"2021-09-30T12:42:29","guid":{"rendered":"https:\/\/www.icro.it\/prodotto\/icroactive-touch-up-blender\/"},"modified":"2021-09-30T12:42:46","modified_gmt":"2021-09-30T12:42:46","slug":"icroactive-touch-up-blender","status":"publish","type":"product","link":"https:\/\/www.icro.it\/es\/producto\/icroactive-touch-up-blender\/","title":{"rendered":"ICROACTIVE  TOUCH UP BLENDER"},"content":{"rendered":"<p>S707 Aditivo especial compuesto de materias primas puras y de alta calidad. Adecuado para sistemas de pintura a base de disolvente. Dise\u00f1ado para uniformar las \u00e1reas de juntas superpuestas del acabado transparente en los ciclos de reparaci\u00f3n.<\/p>\n","protected":false},"excerpt":{"rendered":"<p>S707 Aditivo especial compuesto de materias primas puras y de alta calidad. Adecuado para sistemas de pintura a base de disolvente. Dise\u00f1ado para uniformar las \u00e1reas de juntas superpuestas del acabado transparente en los ciclos de reparaci\u00f3n.<\/p>\n","protected":false},"featured_media":9738,"comment_status":"closed","ping_status":"closed","template":"","meta":[],"product_cat":[388,380],"product_tag":[],"acf":[],"_links":{"self":[{"href":"https:\/\/www.icro.it\/es\/wp-json\/wp\/v2\/product\/10039"}],"collection":[{"href":"https:\/\/www.icro.it\/es\/wp-json\/wp\/v2\/product"}],"about":[{"href":"https:\/\/www.icro.it\/es\/wp-json\/wp\/v2\/types\/product"}],"replies":[{"embeddable":true,"href":"https:\/\/www.icro.it\/es\/wp-json\/wp\/v2\/comments?post=10039"}],"wp:featuredmedia":[{"embeddable":true,"href":"https:\/\/www.icro.it\/es\/wp-json\/wp\/v2\/media\/9738"}],"wp:attachment":[{"href":"https:\/\/www.icro.it\/es\/wp-json\/wp\/v2\/media?parent=10039"}],"wp:term":[{"taxonomy":"product_cat","embeddable":true,"href":"https:\/\/www.icro.it\/es\/wp-json\/wp\/v2\/product_cat?post=10039"},{"taxonomy":"product_tag","embeddable":true,"href":"https:\/\/www.icro.it\/es\/wp-json\/wp\/v2\/product_tag?post=10039"}],"curies":[{"name":"wp","href":"https:\/\/api.w.org\/{rel}","templated":true}]}}