{"id":10085,"date":"2021-09-30T12:42:55","date_gmt":"2021-09-30T12:42:55","guid":{"rendered":"https:\/\/www.icro.it\/prodotto\/icroalkyd-top-dtm-satin-1k-cw\/"},"modified":"2021-09-30T12:43:10","modified_gmt":"2021-09-30T12:43:10","slug":"icroalkyd-top-dtm-satin-1k-cw","status":"publish","type":"product","link":"https:\/\/www.icro.it\/es\/producto\/icroalkyd-top-dtm-satin-1k-cw\/","title":{"rendered":"ICROALKYD TOP DTM SATIN 1K (CW)"},"content":{"rendered":"<p>S128 ICROALKYD TOP DTM SATINADO 1K CONVERTER BLANCO acabado satinado de capa \u00fanica de alto contenido en s\u00f3lidos.Secado r\u00e1pido, con fosfato de zinc. Adecuado para superficies de fundici\u00f3n y acero, en la construcci\u00f3n de pabellones, sistemas de elevaci\u00f3n con gr\u00faas, maquinaria y equipos, armarios de distribuci\u00f3n, maquinaria agr\u00edcola, reparaci\u00f3n de contenedores, etc.<\/p>\n","protected":false},"excerpt":{"rendered":"<p>S128 ICROALKYD TOP DTM SATINADO 1K CONVERTER BLANCO acabado satinado de capa \u00fanica de alto contenido en s\u00f3lidos.Secado r\u00e1pido, con fosfato de zinc. Adecuado para superficies de fundici\u00f3n y acero, en la construcci\u00f3n de pabellones, sistemas de elevaci\u00f3n con gr\u00faas, maquinaria y equipos, armarios de distribuci\u00f3n, maquinaria agr\u00edcola, reparaci\u00f3n de contenedores, etc.<\/p>\n","protected":false},"featured_media":9738,"comment_status":"closed","ping_status":"closed","template":"","meta":[],"product_cat":[444,446,380,381,440],"product_tag":[],"acf":[],"_links":{"self":[{"href":"https:\/\/www.icro.it\/es\/wp-json\/wp\/v2\/product\/10085"}],"collection":[{"href":"https:\/\/www.icro.it\/es\/wp-json\/wp\/v2\/product"}],"about":[{"href":"https:\/\/www.icro.it\/es\/wp-json\/wp\/v2\/types\/product"}],"replies":[{"embeddable":true,"href":"https:\/\/www.icro.it\/es\/wp-json\/wp\/v2\/comments?post=10085"}],"wp:featuredmedia":[{"embeddable":true,"href":"https:\/\/www.icro.it\/es\/wp-json\/wp\/v2\/media\/9738"}],"wp:attachment":[{"href":"https:\/\/www.icro.it\/es\/wp-json\/wp\/v2\/media?parent=10085"}],"wp:term":[{"taxonomy":"product_cat","embeddable":true,"href":"https:\/\/www.icro.it\/es\/wp-json\/wp\/v2\/product_cat?post=10085"},{"taxonomy":"product_tag","embeddable":true,"href":"https:\/\/www.icro.it\/es\/wp-json\/wp\/v2\/product_tag?post=10085"}],"curies":[{"name":"wp","href":"https:\/\/api.w.org\/{rel}","templated":true}]}}