{"id":10089,"date":"2020-07-22T14:57:37","date_gmt":"2021-09-30T12:42:55","guid":{"rendered":"https:\/\/www.icro.it\/prodotto\/icropur-plus-gloss-2k-cn\/"},"modified":"2025-03-04T16:36:38","modified_gmt":"2025-03-04T15:36:38","slug":"icropur-plus-gloss-2k-cn","status":"publish","type":"product","link":"https:\/\/www.icro.it\/es\/producto\/icropur-plus-gloss-2k-cn\/","title":{"rendered":"ICROPUR PLUS GLOSS 2K (CN)"},"content":{"rendered":"<p>S349 ICROPUR PLUS &#8211; BRILLO 2K NEUTRAL CONVERTER es un acabado fino que permite obtener pel\u00edculas brillantes, compactas y lisas con buena resistencia a los agentes atmosf\u00e9ricos y a la luz. Recomendado para uso en el sector naval, veh\u00edculos y equipos comerciales.<\/p>\n","protected":false},"excerpt":{"rendered":"<p>S349 ICROPUR PLUS &#8211; BRILLO 2K NEUTRAL CONVERTER es un acabado fino que permite obtener pel\u00edculas brillantes, compactas y lisas con buena resistencia a los agentes atmosf\u00e9ricos y a la luz. Recomendado para uso en el sector naval, veh\u00edculos y equipos comerciales.<\/p>\n","protected":false},"featured_media":9738,"comment_status":"closed","ping_status":"closed","template":"","meta":[],"product_cat":[380,381,441,444,447],"product_tag":[],"acf":[],"_links":{"self":[{"href":"https:\/\/www.icro.it\/es\/wp-json\/wp\/v2\/product\/10089"}],"collection":[{"href":"https:\/\/www.icro.it\/es\/wp-json\/wp\/v2\/product"}],"about":[{"href":"https:\/\/www.icro.it\/es\/wp-json\/wp\/v2\/types\/product"}],"replies":[{"embeddable":true,"href":"https:\/\/www.icro.it\/es\/wp-json\/wp\/v2\/comments?post=10089"}],"wp:featuredmedia":[{"embeddable":true,"href":"https:\/\/www.icro.it\/es\/wp-json\/wp\/v2\/media\/9738"}],"wp:attachment":[{"href":"https:\/\/www.icro.it\/es\/wp-json\/wp\/v2\/media?parent=10089"}],"wp:term":[{"taxonomy":"product_cat","embeddable":true,"href":"https:\/\/www.icro.it\/es\/wp-json\/wp\/v2\/product_cat?post=10089"},{"taxonomy":"product_tag","embeddable":true,"href":"https:\/\/www.icro.it\/es\/wp-json\/wp\/v2\/product_tag?post=10089"}],"curies":[{"name":"wp","href":"https:\/\/api.w.org\/{rel}","templated":true}]}}