{"id":10090,"date":"2020-07-22T14:57:37","date_gmt":"2021-09-30T12:42:55","guid":{"rendered":"https:\/\/www.icro.it\/prodotto\/icropur-plus-gloss-2k-cw\/"},"modified":"2025-03-04T16:37:10","modified_gmt":"2025-03-04T15:37:10","slug":"icropur-plus-gloss-2k-cw","status":"publish","type":"product","link":"https:\/\/www.icro.it\/es\/producto\/icropur-plus-gloss-2k-cw\/","title":{"rendered":"ICROPUR PLUS GLOSS 2K (CW)"},"content":{"rendered":"<p>S349 ICROPUR PLUS &#8211; BRILLO 2K CONVERTER BLANCO es un acabado fino que permite obtener pel\u00edculas brillantes, compactas y lisas con buena resistencia a los agentes atmosf\u00e9ricos y a la luz. Apto para uso en el sector naval, veh\u00edculos y equipos comerciales.<\/p>\n","protected":false},"excerpt":{"rendered":"<p>S349 ICROPUR PLUS &#8211; BRILLO 2K CONVERTER BLANCO es un acabado fino que permite obtener pel\u00edculas brillantes, compactas y lisas con buena resistencia a los agentes atmosf\u00e9ricos y a la luz. Apto para uso en el sector naval, veh\u00edculos y equipos comerciales.<\/p>\n","protected":false},"featured_media":9738,"comment_status":"closed","ping_status":"closed","template":"","meta":[],"product_cat":[440,444,447,380,381],"product_tag":[],"acf":[],"_links":{"self":[{"href":"https:\/\/www.icro.it\/es\/wp-json\/wp\/v2\/product\/10090"}],"collection":[{"href":"https:\/\/www.icro.it\/es\/wp-json\/wp\/v2\/product"}],"about":[{"href":"https:\/\/www.icro.it\/es\/wp-json\/wp\/v2\/types\/product"}],"replies":[{"embeddable":true,"href":"https:\/\/www.icro.it\/es\/wp-json\/wp\/v2\/comments?post=10090"}],"wp:featuredmedia":[{"embeddable":true,"href":"https:\/\/www.icro.it\/es\/wp-json\/wp\/v2\/media\/9738"}],"wp:attachment":[{"href":"https:\/\/www.icro.it\/es\/wp-json\/wp\/v2\/media?parent=10090"}],"wp:term":[{"taxonomy":"product_cat","embeddable":true,"href":"https:\/\/www.icro.it\/es\/wp-json\/wp\/v2\/product_cat?post=10090"},{"taxonomy":"product_tag","embeddable":true,"href":"https:\/\/www.icro.it\/es\/wp-json\/wp\/v2\/product_tag?post=10090"}],"curies":[{"name":"wp","href":"https:\/\/api.w.org\/{rel}","templated":true}]}}