{"id":10091,"date":"2021-09-30T12:42:55","date_gmt":"2021-09-30T12:42:55","guid":{"rendered":"https:\/\/www.icro.it\/prodotto\/icropolyacryl-top-gloss-2kcn\/"},"modified":"2021-09-30T12:43:14","modified_gmt":"2021-09-30T12:43:14","slug":"icropolyacryl-top-gloss-2kcn","status":"publish","type":"product","link":"https:\/\/www.icro.it\/es\/producto\/icropolyacryl-top-gloss-2kcn\/","title":{"rendered":"ICROPOLYACRYL TOP GLOSS 2K(CN)"},"content":{"rendered":"<p>S391 ICROPOLYACRYL TOP BRILLO 2K CONVERTER NEUTRO es un acabado de alto brillo. Muy resistente a la intemperie. Indicado como pintura de calidad para veh\u00edculos comerciales, maquinaria agr\u00edcola y fabricaci\u00f3n de maquinaria.<\/p>\n","protected":false},"excerpt":{"rendered":"<p>S391 ICROPOLYACRYL TOP BRILLO 2K CONVERTER NEUTRO es un acabado de alto brillo. Muy resistente a la intemperie. Indicado como pintura de calidad para veh\u00edculos comerciales, maquinaria agr\u00edcola y fabricaci\u00f3n de maquinaria.<\/p>\n","protected":false},"featured_media":9738,"comment_status":"closed","ping_status":"closed","template":"","meta":[],"product_cat":[380,381,441,444,447],"product_tag":[],"acf":[],"_links":{"self":[{"href":"https:\/\/www.icro.it\/es\/wp-json\/wp\/v2\/product\/10091"}],"collection":[{"href":"https:\/\/www.icro.it\/es\/wp-json\/wp\/v2\/product"}],"about":[{"href":"https:\/\/www.icro.it\/es\/wp-json\/wp\/v2\/types\/product"}],"replies":[{"embeddable":true,"href":"https:\/\/www.icro.it\/es\/wp-json\/wp\/v2\/comments?post=10091"}],"wp:featuredmedia":[{"embeddable":true,"href":"https:\/\/www.icro.it\/es\/wp-json\/wp\/v2\/media\/9738"}],"wp:attachment":[{"href":"https:\/\/www.icro.it\/es\/wp-json\/wp\/v2\/media?parent=10091"}],"wp:term":[{"taxonomy":"product_cat","embeddable":true,"href":"https:\/\/www.icro.it\/es\/wp-json\/wp\/v2\/product_cat?post=10091"},{"taxonomy":"product_tag","embeddable":true,"href":"https:\/\/www.icro.it\/es\/wp-json\/wp\/v2\/product_tag?post=10091"}],"curies":[{"name":"wp","href":"https:\/\/api.w.org\/{rel}","templated":true}]}}