{"id":10103,"date":"2021-09-30T12:43:21","date_gmt":"2021-09-30T12:43:21","guid":{"rendered":"https:\/\/www.icro.it\/prodotto\/icroacryl-pac-m-top-gloss-2kcn\/"},"modified":"2021-09-30T12:43:24","modified_gmt":"2021-09-30T12:43:24","slug":"icroacryl-pac-m-top-gloss-2kcn","status":"publish","type":"product","link":"https:\/\/www.icro.it\/es\/producto\/icroacryl-pac-m-top-gloss-2kcn\/","title":{"rendered":"ICROACRYL P&#038;AC-M  TOP GLOSS 2K(CN)"},"content":{"rendered":"<p>S405 ICROACRYL TOP H-BRILLO 2K CONVERTER NEUTRO es un acabado que permite obtener pel\u00edculas brillantes, compactas y lisas con buena resistencia a los agentes atmosf\u00e9ricos y a la luz. Indicado para su uso en el campo de componentes gen\u00e9ricos, sector naval y veh\u00edculos comerciales y equipos.<\/p>\n","protected":false},"excerpt":{"rendered":"<p>S405 ICROACRYL TOP H-BRILLO 2K CONVERTER NEUTRO es un acabado que permite obtener pel\u00edculas brillantes, compactas y lisas con buena resistencia a los agentes atmosf\u00e9ricos y a la luz. Indicado para su uso en el campo de componentes gen\u00e9ricos, sector naval y veh\u00edculos comerciales y equipos.<\/p>\n","protected":false},"featured_media":9738,"comment_status":"closed","ping_status":"closed","template":"","meta":[],"product_cat":[380,381,441,444,447],"product_tag":[],"acf":[],"_links":{"self":[{"href":"https:\/\/www.icro.it\/es\/wp-json\/wp\/v2\/product\/10103"}],"collection":[{"href":"https:\/\/www.icro.it\/es\/wp-json\/wp\/v2\/product"}],"about":[{"href":"https:\/\/www.icro.it\/es\/wp-json\/wp\/v2\/types\/product"}],"replies":[{"embeddable":true,"href":"https:\/\/www.icro.it\/es\/wp-json\/wp\/v2\/comments?post=10103"}],"wp:featuredmedia":[{"embeddable":true,"href":"https:\/\/www.icro.it\/es\/wp-json\/wp\/v2\/media\/9738"}],"wp:attachment":[{"href":"https:\/\/www.icro.it\/es\/wp-json\/wp\/v2\/media?parent=10103"}],"wp:term":[{"taxonomy":"product_cat","embeddable":true,"href":"https:\/\/www.icro.it\/es\/wp-json\/wp\/v2\/product_cat?post=10103"},{"taxonomy":"product_tag","embeddable":true,"href":"https:\/\/www.icro.it\/es\/wp-json\/wp\/v2\/product_tag?post=10103"}],"curies":[{"name":"wp","href":"https:\/\/api.w.org\/{rel}","templated":true}]}}