{"id":10111,"date":"2021-09-30T12:43:21","date_gmt":"2021-09-30T12:43:21","guid":{"rendered":"https:\/\/www.icro.it\/prodotto\/icroacryl-top-dtm-d-mate-2kcn\/"},"modified":"2021-09-30T12:43:26","modified_gmt":"2021-09-30T12:43:26","slug":"icroacryl-top-dtm-d-mate-2kcn","status":"publish","type":"product","link":"https:\/\/www.icro.it\/es\/producto\/icroacryl-top-dtm-d-mate-2kcn\/","title":{"rendered":"ICROACRYL TOP DTM D-Mate 2K(CN)"},"content":{"rendered":"<p>S431 ICROACRYL TOP DTM D-MATE 2K CONVERTER NEUTRO es un acabado semimate monocapa de &#8220;ADHESI\u00d3N DIRECTA&#8221;, resistente a la corrosi\u00f3n, para sustratos met\u00e1licos como acero, acero galvanizado, aluminio y sustratos de pl\u00e1stico. Adecuado para cuando existe una primera capa de pintura. Se puede utilizar, por ejemplo, en veh\u00edculos comerciales, maquinaria agr\u00edcola, en la fabricaci\u00f3n de equipos y maquinaria.<\/p>\n","protected":false},"excerpt":{"rendered":"<p>S431 ICROACRYL TOP DTM D-MATE 2K CONVERTER NEUTRO es un acabado semimate monocapa de &#8220;ADHESI\u00d3N DIRECTA&#8221;, resistente a la corrosi\u00f3n, para sustratos met\u00e1licos como acero, acero galvanizado, aluminio y sustratos de pl\u00e1stico. Adecuado para cuando existe una primera capa de pintura. Se puede utilizar, por ejemplo, en veh\u00edculos comerciales, maquinaria agr\u00edcola, en la fabricaci\u00f3n de equipos y maquinaria.<\/p>\n","protected":false},"featured_media":9738,"comment_status":"closed","ping_status":"closed","template":"","meta":[],"product_cat":[441,444,456,380,381],"product_tag":[],"acf":[],"_links":{"self":[{"href":"https:\/\/www.icro.it\/es\/wp-json\/wp\/v2\/product\/10111"}],"collection":[{"href":"https:\/\/www.icro.it\/es\/wp-json\/wp\/v2\/product"}],"about":[{"href":"https:\/\/www.icro.it\/es\/wp-json\/wp\/v2\/types\/product"}],"replies":[{"embeddable":true,"href":"https:\/\/www.icro.it\/es\/wp-json\/wp\/v2\/comments?post=10111"}],"wp:featuredmedia":[{"embeddable":true,"href":"https:\/\/www.icro.it\/es\/wp-json\/wp\/v2\/media\/9738"}],"wp:attachment":[{"href":"https:\/\/www.icro.it\/es\/wp-json\/wp\/v2\/media?parent=10111"}],"wp:term":[{"taxonomy":"product_cat","embeddable":true,"href":"https:\/\/www.icro.it\/es\/wp-json\/wp\/v2\/product_cat?post=10111"},{"taxonomy":"product_tag","embeddable":true,"href":"https:\/\/www.icro.it\/es\/wp-json\/wp\/v2\/product_tag?post=10111"}],"curies":[{"name":"wp","href":"https:\/\/api.w.org\/{rel}","templated":true}]}}