{"id":10135,"date":"2021-09-30T12:43:21","date_gmt":"2021-09-30T12:43:21","guid":{"rendered":"https:\/\/www.icro.it\/prodotto\/s600-icrosoft-clear-mate-2k\/"},"modified":"2021-09-30T12:43:33","modified_gmt":"2021-09-30T12:43:33","slug":"s600-icrosoft-clear-mate-2k","status":"publish","type":"product","link":"https:\/\/www.icro.it\/es\/producto\/s600-icrosoft-clear-mate-2k\/","title":{"rendered":"S600 ICROSOFT CLEAR Mate 2K"},"content":{"rendered":"<p>S600- ICROSOFT CLEAR MATE 2K  &#8211;  es una capa transparente decorativa mate, s\u00f3lida, resistente a los ara\u00f1azos que se caracteriza por una apariencia est\u00e9tica extra mate y un efecto t\u00e1ctil gomoso, que se utiliza para componentes de interiores de autom\u00f3viles, objetos y envases de cosm\u00e9ticos.<\/p>\n","protected":false},"excerpt":{"rendered":"<p>S600- ICROSOFT CLEAR MATE 2K  &#8211;  es una capa transparente decorativa mate, s\u00f3lida, resistente a los ara\u00f1azos que se caracteriza por una apariencia est\u00e9tica extra mate y un efecto t\u00e1ctil gomoso, que se utiliza para componentes de interiores de autom\u00f3viles, objetos y envases de cosm\u00e9ticos.<\/p>\n","protected":false},"featured_media":9738,"comment_status":"closed","ping_status":"closed","template":"","meta":[],"product_cat":[380,441,444,460],"product_tag":[],"acf":[],"_links":{"self":[{"href":"https:\/\/www.icro.it\/es\/wp-json\/wp\/v2\/product\/10135"}],"collection":[{"href":"https:\/\/www.icro.it\/es\/wp-json\/wp\/v2\/product"}],"about":[{"href":"https:\/\/www.icro.it\/es\/wp-json\/wp\/v2\/types\/product"}],"replies":[{"embeddable":true,"href":"https:\/\/www.icro.it\/es\/wp-json\/wp\/v2\/comments?post=10135"}],"wp:featuredmedia":[{"embeddable":true,"href":"https:\/\/www.icro.it\/es\/wp-json\/wp\/v2\/media\/9738"}],"wp:attachment":[{"href":"https:\/\/www.icro.it\/es\/wp-json\/wp\/v2\/media?parent=10135"}],"wp:term":[{"taxonomy":"product_cat","embeddable":true,"href":"https:\/\/www.icro.it\/es\/wp-json\/wp\/v2\/product_cat?post=10135"},{"taxonomy":"product_tag","embeddable":true,"href":"https:\/\/www.icro.it\/es\/wp-json\/wp\/v2\/product_tag?post=10135"}],"curies":[{"name":"wp","href":"https:\/\/api.w.org\/{rel}","templated":true}]}}