{"id":10139,"date":"2021-09-30T12:43:21","date_gmt":"2021-09-30T12:43:21","guid":{"rendered":"https:\/\/www.icro.it\/prodotto\/s632-2k-clear-coat-dtm-mate\/"},"modified":"2021-09-30T12:43:35","modified_gmt":"2021-09-30T12:43:35","slug":"s632-2k-clear-coat-dtm-mate","status":"publish","type":"product","link":"https:\/\/www.icro.it\/es\/producto\/s632-2k-clear-coat-dtm-mate\/","title":{"rendered":"S632 2K CLEAR COAT DTM-Mate"},"content":{"rendered":"<p>S632 2K CLEAR COAT DTM-MATE es un barniz mate de s\u00f3lidos medios resistente a la corrosi\u00f3n. Monocapa de &#8220;ADHESI\u00d3N DIRECTA&#8221; para sustratos met\u00e1licos, como acero, acero galvanizado, aluminio y sustratos pl\u00e1sticos. Indicado para superficies en las que exista una primera capa de pintura. Se puede utilizar, por ejemplo, en veh\u00edculos comerciales, maquinaria agr\u00edcola, en la fabricaci\u00f3n de equipos y maquinaria.<\/p>\n","protected":false},"excerpt":{"rendered":"<p>S632 2K CLEAR COAT DTM-MATE es un barniz mate de s\u00f3lidos medios resistente a la corrosi\u00f3n. Monocapa de &#8220;ADHESI\u00d3N DIRECTA&#8221; para sustratos met\u00e1licos, como acero, acero galvanizado, aluminio y sustratos pl\u00e1sticos. Indicado para superficies en las que exista una primera capa de pintura. Se puede utilizar, por ejemplo, en veh\u00edculos comerciales, maquinaria agr\u00edcola, en la fabricaci\u00f3n de equipos y maquinaria.<\/p>\n","protected":false},"featured_media":9738,"comment_status":"closed","ping_status":"closed","template":"","meta":[],"product_cat":[380,441,444,456,460],"product_tag":[],"acf":[],"_links":{"self":[{"href":"https:\/\/www.icro.it\/es\/wp-json\/wp\/v2\/product\/10139"}],"collection":[{"href":"https:\/\/www.icro.it\/es\/wp-json\/wp\/v2\/product"}],"about":[{"href":"https:\/\/www.icro.it\/es\/wp-json\/wp\/v2\/types\/product"}],"replies":[{"embeddable":true,"href":"https:\/\/www.icro.it\/es\/wp-json\/wp\/v2\/comments?post=10139"}],"wp:featuredmedia":[{"embeddable":true,"href":"https:\/\/www.icro.it\/es\/wp-json\/wp\/v2\/media\/9738"}],"wp:attachment":[{"href":"https:\/\/www.icro.it\/es\/wp-json\/wp\/v2\/media?parent=10139"}],"wp:term":[{"taxonomy":"product_cat","embeddable":true,"href":"https:\/\/www.icro.it\/es\/wp-json\/wp\/v2\/product_cat?post=10139"},{"taxonomy":"product_tag","embeddable":true,"href":"https:\/\/www.icro.it\/es\/wp-json\/wp\/v2\/product_tag?post=10139"}],"curies":[{"name":"wp","href":"https:\/\/api.w.org\/{rel}","templated":true}]}}