{"id":10143,"date":"2021-09-30T12:43:21","date_gmt":"2021-09-30T12:43:21","guid":{"rendered":"https:\/\/www.icro.it\/prodotto\/s666-glossclear-2k-uhs-2-1\/"},"modified":"2021-09-30T12:43:36","modified_gmt":"2021-09-30T12:43:36","slug":"s666-glossclear-2k-uhs-2-1","status":"publish","type":"product","link":"https:\/\/www.icro.it\/es\/producto\/s666-glossclear-2k-uhs-2-1\/","title":{"rendered":"S666 GLOSSCLEAR 2K UHS (2-1)"},"content":{"rendered":"<p>S666 &#8211; GLOSSCLEAR 2K UHS (2-1 ) es una capa transparente protectora brillante, resistente a la intemperie, alta solidez y que cumple con los COV\u00b4S. Pintura de calidad para veh\u00edculos comerciales y maquinaria agr\u00edcola.  Indicada para aplicaciones en automoci\u00f3n OEM.<\/p>\n","protected":false},"excerpt":{"rendered":"<p>S666 &#8211; GLOSSCLEAR 2K UHS (2-1 ) es una capa transparente protectora brillante, resistente a la intemperie, alta solidez y que cumple con los COV\u00b4S. Pintura de calidad para veh\u00edculos comerciales y maquinaria agr\u00edcola.  Indicada para aplicaciones en automoci\u00f3n OEM.<\/p>\n","protected":false},"featured_media":9738,"comment_status":"closed","ping_status":"closed","template":"","meta":[],"product_cat":[380,441,444,447,460],"product_tag":[],"class_list":["item"],"acf":[],"_links":{"self":[{"href":"https:\/\/www.icro.it\/es\/wp-json\/wp\/v2\/product\/10143","targetHints":{"allow":["GET"]}}],"collection":[{"href":"https:\/\/www.icro.it\/es\/wp-json\/wp\/v2\/product"}],"about":[{"href":"https:\/\/www.icro.it\/es\/wp-json\/wp\/v2\/types\/product"}],"replies":[{"embeddable":true,"href":"https:\/\/www.icro.it\/es\/wp-json\/wp\/v2\/comments?post=10143"}],"wp:featuredmedia":[{"embeddable":true,"href":"https:\/\/www.icro.it\/es\/wp-json\/wp\/v2\/media\/9738"}],"wp:attachment":[{"href":"https:\/\/www.icro.it\/es\/wp-json\/wp\/v2\/media?parent=10143"}],"wp:term":[{"taxonomy":"product_cat","embeddable":true,"href":"https:\/\/www.icro.it\/es\/wp-json\/wp\/v2\/product_cat?post=10143"},{"taxonomy":"product_tag","embeddable":true,"href":"https:\/\/www.icro.it\/es\/wp-json\/wp\/v2\/product_tag?post=10143"}],"curies":[{"name":"wp","href":"https:\/\/api.w.org\/{rel}","templated":true}]}}