{"id":10157,"date":"2021-09-30T12:43:47","date_gmt":"2021-09-30T12:43:47","guid":{"rendered":"https:\/\/www.icro.it\/prodotto\/icropur-2k-primer-dtphb-d-d-white-rmp\/"},"modified":"2021-09-30T12:43:48","modified_gmt":"2021-09-30T12:43:48","slug":"icropur-2k-primer-dtphb-d-d-white-rmp","status":"publish","type":"product","link":"https:\/\/www.icro.it\/es\/producto\/icropur-2k-primer-dtphb-d-d-white-rmp\/","title":{"rendered":"ICROPUR 2K PRIMER DTPHB D-D WHITE (RMP)"},"content":{"rendered":"<p>S380 -ICROPUR 2K PRIMER DTPHB D-D BLANCO -AL USO &#8211; es una imprimaci\u00f3n a base de poliuretano que se puede repintar en poco tiempo, en ciclo h\u00famedo sobre h\u00famedo, con propiedades de relleno. Se puede utilizar en veh\u00edculos comerciales y en el campo de la fabricaci\u00f3n de maquinaria y equipos. La imprimaci\u00f3n S380 se caracteriza por una excelente adherencia sobre pl\u00e1sticos y superficies prepintadas, as\u00ed como por un buen lijado.<\/p>\n","protected":false},"excerpt":{"rendered":"<p>S380 -ICROPUR 2K PRIMER DTPHB D-D BLANCO -AL USO &#8211; es una imprimaci\u00f3n a base de poliuretano que se puede repintar en poco tiempo, en ciclo h\u00famedo sobre h\u00famedo, con propiedades de relleno. Se puede utilizar en veh\u00edculos comerciales y en el campo de la fabricaci\u00f3n de maquinaria y equipos. La imprimaci\u00f3n S380 se caracteriza por una excelente adherencia sobre pl\u00e1sticos y superficies prepintadas, as\u00ed como por un buen lijado.<\/p>\n","protected":false},"featured_media":9738,"comment_status":"closed","ping_status":"closed","template":"","meta":[],"product_cat":[380,384,440,444,456,462],"product_tag":[],"acf":[],"_links":{"self":[{"href":"https:\/\/www.icro.it\/es\/wp-json\/wp\/v2\/product\/10157"}],"collection":[{"href":"https:\/\/www.icro.it\/es\/wp-json\/wp\/v2\/product"}],"about":[{"href":"https:\/\/www.icro.it\/es\/wp-json\/wp\/v2\/types\/product"}],"replies":[{"embeddable":true,"href":"https:\/\/www.icro.it\/es\/wp-json\/wp\/v2\/comments?post=10157"}],"wp:featuredmedia":[{"embeddable":true,"href":"https:\/\/www.icro.it\/es\/wp-json\/wp\/v2\/media\/9738"}],"wp:attachment":[{"href":"https:\/\/www.icro.it\/es\/wp-json\/wp\/v2\/media?parent=10157"}],"wp:term":[{"taxonomy":"product_cat","embeddable":true,"href":"https:\/\/www.icro.it\/es\/wp-json\/wp\/v2\/product_cat?post=10157"},{"taxonomy":"product_tag","embeddable":true,"href":"https:\/\/www.icro.it\/es\/wp-json\/wp\/v2\/product_tag?post=10157"}],"curies":[{"name":"wp","href":"https:\/\/api.w.org\/{rel}","templated":true}]}}