{"id":10162,"date":"2021-09-30T12:43:47","date_gmt":"2021-09-30T12:43:47","guid":{"rendered":"https:\/\/www.icro.it\/prodotto\/icrobase-liquidmetal-chrome-01-rmp\/"},"modified":"2021-09-30T12:43:51","modified_gmt":"2021-09-30T12:43:51","slug":"icrobase-liquidmetal-chrome-01-rmp","status":"publish","type":"product","link":"https:\/\/www.icro.it\/es\/producto\/icrobase-liquidmetal-chrome-01-rmp\/","title":{"rendered":"ICROBASE LIQUIDMETAL CHROME 01 (RMP)"},"content":{"rendered":"<p>S549 &#8211; ICROBASE LIQUIDMETAL CHROME 01  es un intermedio monocomponente al uso con efecto &#8220;METAL L\u00cdQUIDO&#8221; para ciclos de doble capa. Apto para aplicaciones sobre bases e imprimaciones espec\u00edficas para este uso, que permite un excelente control de la flotabilidad de las cargas micro met\u00e1licas.<\/p>\n","protected":false},"excerpt":{"rendered":"<p>S549 &#8211; ICROBASE LIQUIDMETAL CHROME 01  es un intermedio monocomponente al uso con efecto &#8220;METAL L\u00cdQUIDO&#8221; para ciclos de doble capa. Apto para aplicaciones sobre bases e imprimaciones espec\u00edficas para este uso, que permite un excelente control de la flotabilidad de las cargas micro met\u00e1licas.<\/p>\n","protected":false},"featured_media":9738,"comment_status":"closed","ping_status":"closed","template":"","meta":[],"product_cat":[380,384,440,444,456],"product_tag":[],"acf":[],"_links":{"self":[{"href":"https:\/\/www.icro.it\/es\/wp-json\/wp\/v2\/product\/10162"}],"collection":[{"href":"https:\/\/www.icro.it\/es\/wp-json\/wp\/v2\/product"}],"about":[{"href":"https:\/\/www.icro.it\/es\/wp-json\/wp\/v2\/types\/product"}],"replies":[{"embeddable":true,"href":"https:\/\/www.icro.it\/es\/wp-json\/wp\/v2\/comments?post=10162"}],"wp:featuredmedia":[{"embeddable":true,"href":"https:\/\/www.icro.it\/es\/wp-json\/wp\/v2\/media\/9738"}],"wp:attachment":[{"href":"https:\/\/www.icro.it\/es\/wp-json\/wp\/v2\/media?parent=10162"}],"wp:term":[{"taxonomy":"product_cat","embeddable":true,"href":"https:\/\/www.icro.it\/es\/wp-json\/wp\/v2\/product_cat?post=10162"},{"taxonomy":"product_tag","embeddable":true,"href":"https:\/\/www.icro.it\/es\/wp-json\/wp\/v2\/product_tag?post=10162"}],"curies":[{"name":"wp","href":"https:\/\/api.w.org\/{rel}","templated":true}]}}