{"id":10172,"date":"2021-09-30T12:43:47","date_gmt":"2021-09-30T12:43:47","guid":{"rendered":"https:\/\/www.icro.it\/prodotto\/icrolinker-soft\/"},"modified":"2021-09-30T12:43:55","modified_gmt":"2021-09-30T12:43:55","slug":"icrolinker-soft","status":"publish","type":"product","link":"https:\/\/www.icro.it\/es\/producto\/icrolinker-soft\/","title":{"rendered":"ICROLINKER SOFT"},"content":{"rendered":"<p>Catalizador de poliisocianato alif\u00e1tico de s\u00f3lidos medios para sistemas 2K SB. Garantiza un excelente secado f\u00edsico-t\u00e9rmico de sistemas con efecto soft touch.<\/p>\n","protected":false},"excerpt":{"rendered":"<p>Catalizador de poliisocianato alif\u00e1tico de s\u00f3lidos medios para sistemas 2K SB. Garantiza un excelente secado f\u00edsico-t\u00e9rmico de sistemas con efecto soft touch.<\/p>\n","protected":false},"featured_media":9738,"comment_status":"closed","ping_status":"closed","template":"","meta":[],"product_cat":[380,388],"product_tag":[],"acf":[],"_links":{"self":[{"href":"https:\/\/www.icro.it\/es\/wp-json\/wp\/v2\/product\/10172"}],"collection":[{"href":"https:\/\/www.icro.it\/es\/wp-json\/wp\/v2\/product"}],"about":[{"href":"https:\/\/www.icro.it\/es\/wp-json\/wp\/v2\/types\/product"}],"replies":[{"embeddable":true,"href":"https:\/\/www.icro.it\/es\/wp-json\/wp\/v2\/comments?post=10172"}],"wp:featuredmedia":[{"embeddable":true,"href":"https:\/\/www.icro.it\/es\/wp-json\/wp\/v2\/media\/9738"}],"wp:attachment":[{"href":"https:\/\/www.icro.it\/es\/wp-json\/wp\/v2\/media?parent=10172"}],"wp:term":[{"taxonomy":"product_cat","embeddable":true,"href":"https:\/\/www.icro.it\/es\/wp-json\/wp\/v2\/product_cat?post=10172"},{"taxonomy":"product_tag","embeddable":true,"href":"https:\/\/www.icro.it\/es\/wp-json\/wp\/v2\/product_tag?post=10172"}],"curies":[{"name":"wp","href":"https:\/\/api.w.org\/{rel}","templated":true}]}}