{"id":10191,"date":"2021-09-30T12:43:47","date_gmt":"2021-09-30T12:43:47","guid":{"rendered":"https:\/\/www.icro.it\/prodotto\/icrothinner-polyacryl-slow\/"},"modified":"2021-09-30T12:44:03","modified_gmt":"2021-09-30T12:44:03","slug":"icrothinner-polyacryl-slow","status":"publish","type":"product","link":"https:\/\/www.icro.it\/es\/producto\/icrothinner-polyacryl-slow\/","title":{"rendered":"ICROTHINNER POLYACRYL SLOW"},"content":{"rendered":"<p>S924 Diluyente acr\u00edlico de poliuretano compuesto de materias primas de alta calidad. Adecuado para pinturas acr\u00edlicas de secado al aire y al horno de temperatura media. Dise\u00f1ado para recubrimientos electrost\u00e1ticos. Temperatura ambiente recomendada 20-35 \u00b0 C<\/p>\n","protected":false},"excerpt":{"rendered":"<p>S924 Diluyente acr\u00edlico de poliuretano compuesto de materias primas de alta calidad. Adecuado para pinturas acr\u00edlicas de secado al aire y al horno de temperatura media. Dise\u00f1ado para recubrimientos electrost\u00e1ticos. Temperatura ambiente recomendada 20-35 \u00b0 C<\/p>\n","protected":false},"featured_media":9738,"comment_status":"closed","ping_status":"closed","template":"","meta":[],"product_cat":[380,388],"product_tag":[],"acf":[],"_links":{"self":[{"href":"https:\/\/www.icro.it\/es\/wp-json\/wp\/v2\/product\/10191"}],"collection":[{"href":"https:\/\/www.icro.it\/es\/wp-json\/wp\/v2\/product"}],"about":[{"href":"https:\/\/www.icro.it\/es\/wp-json\/wp\/v2\/types\/product"}],"replies":[{"embeddable":true,"href":"https:\/\/www.icro.it\/es\/wp-json\/wp\/v2\/comments?post=10191"}],"wp:featuredmedia":[{"embeddable":true,"href":"https:\/\/www.icro.it\/es\/wp-json\/wp\/v2\/media\/9738"}],"wp:attachment":[{"href":"https:\/\/www.icro.it\/es\/wp-json\/wp\/v2\/media?parent=10191"}],"wp:term":[{"taxonomy":"product_cat","embeddable":true,"href":"https:\/\/www.icro.it\/es\/wp-json\/wp\/v2\/product_cat?post=10191"},{"taxonomy":"product_tag","embeddable":true,"href":"https:\/\/www.icro.it\/es\/wp-json\/wp\/v2\/product_tag?post=10191"}],"curies":[{"name":"wp","href":"https:\/\/api.w.org\/{rel}","templated":true}]}}