{"id":10517,"date":"2021-09-30T13:18:51","date_gmt":"2021-09-30T13:18:51","guid":{"rendered":"https:\/\/www.icro.it\/prodotto\/aditivo-active-para-producto-disolvente\/"},"modified":"2021-09-30T13:19:07","modified_gmt":"2021-09-30T13:19:07","slug":"aditivo-active-para-producto-disolvente","status":"publish","type":"product","link":"https:\/\/www.icro.it\/es\/producto\/aditivo-active-para-producto-disolvente\/","title":{"rendered":"ADITIVO ACTIVE PARA PRODUCTO DISOLVENTE"},"content":{"rendered":"<p>Aditivo para hacer higienizante los barnices para la madera. Mantiene las propiedades a pesar de la duraci\u00f3n del revestimiento. Utilizar al 1%. Especialmente recomendado para ambientes que requieren ambientes higi\u00e9nicos: locales m\u00e9dicos, escuelas, gimnasios, centros de belleza, bares y restaurantes. En ambientes dom\u00e9sticos: cocinas, ba\u00f1os, parquet y habitaciones.<\/p>\n","protected":false},"excerpt":{"rendered":"<p>Aditivo para hacer higienizante los barnices para la madera. Mantiene las propiedades a pesar de la duraci\u00f3n del revestimiento. Utilizar al 1%. Especialmente recomendado para ambientes que requieren ambientes higi\u00e9nicos: locales m\u00e9dicos, escuelas, gimnasios, centros de belleza, bares y restaurantes. En ambientes dom\u00e9sticos: cocinas, ba\u00f1os, parquet y habitaciones.<\/p>\n","protected":false},"featured_media":10513,"comment_status":"closed","ping_status":"closed","template":"","meta":[],"product_cat":[373,400,401,403,404,408,409,472,368,371],"product_tag":[],"acf":[],"_links":{"self":[{"href":"https:\/\/www.icro.it\/es\/wp-json\/wp\/v2\/product\/10517"}],"collection":[{"href":"https:\/\/www.icro.it\/es\/wp-json\/wp\/v2\/product"}],"about":[{"href":"https:\/\/www.icro.it\/es\/wp-json\/wp\/v2\/types\/product"}],"replies":[{"embeddable":true,"href":"https:\/\/www.icro.it\/es\/wp-json\/wp\/v2\/comments?post=10517"}],"wp:featuredmedia":[{"embeddable":true,"href":"https:\/\/www.icro.it\/es\/wp-json\/wp\/v2\/media\/10513"}],"wp:attachment":[{"href":"https:\/\/www.icro.it\/es\/wp-json\/wp\/v2\/media?parent=10517"}],"wp:term":[{"taxonomy":"product_cat","embeddable":true,"href":"https:\/\/www.icro.it\/es\/wp-json\/wp\/v2\/product_cat?post=10517"},{"taxonomy":"product_tag","embeddable":true,"href":"https:\/\/www.icro.it\/es\/wp-json\/wp\/v2\/product_tag?post=10517"}],"curies":[{"name":"wp","href":"https:\/\/api.w.org\/{rel}","templated":true}]}}