{"id":10552,"date":"2020-07-20T15:22:13","date_gmt":"2021-09-30T13:18:51","guid":{"rendered":"https:\/\/www.icro.it\/prodotto\/fondo-acabado-97m\/"},"modified":"2021-09-30T13:19:15","modified_gmt":"2021-09-30T13:19:15","slug":"fondo-acabado-97m","status":"publish","type":"product","link":"https:\/\/www.icro.it\/es\/producto\/fondo-acabado-97m\/","title":{"rendered":"FONDO ACABADO 97M"},"content":{"rendered":"<p>Fondo\/acabado transparente al agua monocomponente para todo tipo de aplicaciones con pulverizaci\u00f3n.  Ign\u00edfugo M1 franc\u00e9s. Producto certificado IMO &#8211; MED. El fondo\/acabado WTVE097M, tiene una gran versatilidad. Combina buenas caracter\u00edsticas t\u00edpicas de los fondos (buena transparencia y lijado). Utilizado como acabado, posee un tacto suave y dureza superficial. Adem\u00e1s, es un producto r\u00e1pido de secado y se presta a un uso industrial y profesional.<\/p>\n","protected":false},"excerpt":{"rendered":"<p>Fondo\/acabado transparente al agua monocomponente para todo tipo de aplicaciones con pulverizaci\u00f3n.  Ign\u00edfugo M1 franc\u00e9s. Producto certificado IMO &#8211; MED. El fondo\/acabado WTVE097M, tiene una gran versatilidad. Combina buenas caracter\u00edsticas t\u00edpicas de los fondos (buena transparencia y lijado). Utilizado como acabado, posee un tacto suave y dureza superficial. Adem\u00e1s, es un producto r\u00e1pido de secado y se presta a un uso industrial y profesional.<\/p>\n","protected":false},"featured_media":12489,"comment_status":"closed","ping_status":"closed","template":"","meta":[],"product_cat":[548,434,368,376,400,401,404,406,409,442,468,472],"product_tag":[],"class_list":["item"],"acf":[],"_links":{"self":[{"href":"https:\/\/www.icro.it\/es\/wp-json\/wp\/v2\/product\/10552","targetHints":{"allow":["GET"]}}],"collection":[{"href":"https:\/\/www.icro.it\/es\/wp-json\/wp\/v2\/product"}],"about":[{"href":"https:\/\/www.icro.it\/es\/wp-json\/wp\/v2\/types\/product"}],"replies":[{"embeddable":true,"href":"https:\/\/www.icro.it\/es\/wp-json\/wp\/v2\/comments?post=10552"}],"wp:featuredmedia":[{"embeddable":true,"href":"https:\/\/www.icro.it\/es\/wp-json\/wp\/v2\/media\/12489"}],"wp:attachment":[{"href":"https:\/\/www.icro.it\/es\/wp-json\/wp\/v2\/media?parent=10552"}],"wp:term":[{"taxonomy":"product_cat","embeddable":true,"href":"https:\/\/www.icro.it\/es\/wp-json\/wp\/v2\/product_cat?post=10552"},{"taxonomy":"product_tag","embeddable":true,"href":"https:\/\/www.icro.it\/es\/wp-json\/wp\/v2\/product_tag?post=10552"}],"curies":[{"name":"wp","href":"https:\/\/api.w.org\/{rel}","templated":true}]}}