{"id":10559,"date":"2020-07-20T15:22:13","date_gmt":"2021-09-30T13:18:51","guid":{"rendered":"https:\/\/www.icro.it\/prodotto\/fondo-acabado-97e\/"},"modified":"2021-09-30T13:19:16","modified_gmt":"2021-09-30T13:19:16","slug":"fondo-acabado-97e","status":"publish","type":"product","link":"https:\/\/www.icro.it\/es\/producto\/fondo-acabado-97e\/","title":{"rendered":"FONDO ACABADO 97E"},"content":{"rendered":"<p>Fondo\/acabado transparente al agua. Monocomponente para todo tipo de aplicaciones de pulverizado. Combina una gran versatilidad con buenas caracter\u00edsticas t\u00edpicas de los fondos, buena transparencia y lijado. Utilizado como acabado, es suave al tacto. Dureza superficial. Tambi\u00e9n es un producto de secado r\u00e1pido y es adecuado para uso industrial y profesional.<\/p>\n","protected":false},"excerpt":{"rendered":"<p>Fondo\/acabado transparente al agua. Monocomponente para todo tipo de aplicaciones de pulverizado. Combina una gran versatilidad con buenas caracter\u00edsticas t\u00edpicas de los fondos, buena transparencia y lijado. Utilizado como acabado, es suave al tacto. Dureza superficial. Tambi\u00e9n es un producto de secado r\u00e1pido y es adecuado para uso industrial y profesional.<\/p>\n","protected":false},"featured_media":12481,"comment_status":"closed","ping_status":"closed","template":"","meta":[],"product_cat":[468,368,400,548,401,402,409,434,442],"product_tag":[],"acf":[],"_links":{"self":[{"href":"https:\/\/www.icro.it\/es\/wp-json\/wp\/v2\/product\/10559"}],"collection":[{"href":"https:\/\/www.icro.it\/es\/wp-json\/wp\/v2\/product"}],"about":[{"href":"https:\/\/www.icro.it\/es\/wp-json\/wp\/v2\/types\/product"}],"replies":[{"embeddable":true,"href":"https:\/\/www.icro.it\/es\/wp-json\/wp\/v2\/comments?post=10559"}],"wp:featuredmedia":[{"embeddable":true,"href":"https:\/\/www.icro.it\/es\/wp-json\/wp\/v2\/media\/12481"}],"wp:attachment":[{"href":"https:\/\/www.icro.it\/es\/wp-json\/wp\/v2\/media?parent=10559"}],"wp:term":[{"taxonomy":"product_cat","embeddable":true,"href":"https:\/\/www.icro.it\/es\/wp-json\/wp\/v2\/product_cat?post=10559"},{"taxonomy":"product_tag","embeddable":true,"href":"https:\/\/www.icro.it\/es\/wp-json\/wp\/v2\/product_tag?post=10559"}],"curies":[{"name":"wp","href":"https:\/\/api.w.org\/{rel}","templated":true}]}}