{"id":10623,"date":"2020-07-20T15:22:13","date_gmt":"2021-09-30T13:19:24","guid":{"rendered":"https:\/\/www.icro.it\/prodotto\/finitura-30-gloss-larice\/"},"modified":"2025-05-09T13:58:29","modified_gmt":"2025-05-09T11:58:29","slug":"finitura-30-gloss-larice","status":"publish","type":"product","link":"https:\/\/www.icro.it\/es\/producto\/finitura-30-gloss-larice\/","title":{"rendered":"FINITURA 30 GLOSS LARICE"},"content":{"rendered":"<p>Barniz incoloro tixotr\u00f3pico al agua, coloreado en varios brillos. Excelente cubrici\u00f3n, excelente tixotrop\u00eda, buena transparencia, alta durabilidad en el exterior.<\/p>\n","protected":false},"excerpt":{"rendered":"<p>Barniz incoloro tixotr\u00f3pico al agua, coloreado en varios brillos. Excelente cubrici\u00f3n, excelente tixotrop\u00eda, buena transparencia, alta durabilidad en el exterior.<\/p>\n","protected":false},"featured_media":12495,"comment_status":"closed","ping_status":"closed","template":"","meta":[],"product_cat":[412,414,434,439,475,476,548,368,411],"product_tag":[],"acf":[],"_links":{"self":[{"href":"https:\/\/www.icro.it\/es\/wp-json\/wp\/v2\/product\/10623"}],"collection":[{"href":"https:\/\/www.icro.it\/es\/wp-json\/wp\/v2\/product"}],"about":[{"href":"https:\/\/www.icro.it\/es\/wp-json\/wp\/v2\/types\/product"}],"replies":[{"embeddable":true,"href":"https:\/\/www.icro.it\/es\/wp-json\/wp\/v2\/comments?post=10623"}],"wp:featuredmedia":[{"embeddable":true,"href":"https:\/\/www.icro.it\/es\/wp-json\/wp\/v2\/media\/12495"}],"wp:attachment":[{"href":"https:\/\/www.icro.it\/es\/wp-json\/wp\/v2\/media?parent=10623"}],"wp:term":[{"taxonomy":"product_cat","embeddable":true,"href":"https:\/\/www.icro.it\/es\/wp-json\/wp\/v2\/product_cat?post=10623"},{"taxonomy":"product_tag","embeddable":true,"href":"https:\/\/www.icro.it\/es\/wp-json\/wp\/v2\/product_tag?post=10623"}],"curies":[{"name":"wp","href":"https:\/\/api.w.org\/{rel}","templated":true}]}}