{"id":10709,"date":"2021-09-30T13:19:24","date_gmt":"2021-09-30T13:19:24","guid":{"rendered":"https:\/\/www.icro.it\/prodotto\/fondo-al-agua-transparente-tix-190\/"},"modified":"2021-09-30T13:19:45","modified_gmt":"2021-09-30T13:19:45","slug":"fondo-al-agua-transparente-tix-190","status":"publish","type":"product","link":"https:\/\/www.icro.it\/es\/producto\/fondo-al-agua-transparente-tix-190\/","title":{"rendered":"FONDO AL AGUA TRANSPARENTE TIX 190"},"content":{"rendered":"<p>Mono o bicomponente con excelente tixotrop\u00eda. Buena transparencia, buen lijado y secado r\u00e1pido. Excelente tixotrop\u00eda.<\/p>\n","protected":false},"excerpt":{"rendered":"<p>Mono o bicomponente con excelente tixotrop\u00eda. Buena transparencia, buen lijado y secado r\u00e1pido. Excelente tixotrop\u00eda.<\/p>\n","protected":false},"featured_media":10536,"comment_status":"closed","ping_status":"closed","template":"","meta":[],"product_cat":[472,368,400,401,434,442,468],"product_tag":[],"acf":[],"_links":{"self":[{"href":"https:\/\/www.icro.it\/es\/wp-json\/wp\/v2\/product\/10709"}],"collection":[{"href":"https:\/\/www.icro.it\/es\/wp-json\/wp\/v2\/product"}],"about":[{"href":"https:\/\/www.icro.it\/es\/wp-json\/wp\/v2\/types\/product"}],"replies":[{"embeddable":true,"href":"https:\/\/www.icro.it\/es\/wp-json\/wp\/v2\/comments?post=10709"}],"wp:featuredmedia":[{"embeddable":true,"href":"https:\/\/www.icro.it\/es\/wp-json\/wp\/v2\/media\/10536"}],"wp:attachment":[{"href":"https:\/\/www.icro.it\/es\/wp-json\/wp\/v2\/media?parent=10709"}],"wp:term":[{"taxonomy":"product_cat","embeddable":true,"href":"https:\/\/www.icro.it\/es\/wp-json\/wp\/v2\/product_cat?post=10709"},{"taxonomy":"product_tag","embeddable":true,"href":"https:\/\/www.icro.it\/es\/wp-json\/wp\/v2\/product_tag?post=10709"}],"curies":[{"name":"wp","href":"https:\/\/api.w.org\/{rel}","templated":true}]}}