{"id":10749,"date":"2020-07-20T15:22:53","date_gmt":"2021-09-30T13:19:24","guid":{"rendered":"https:\/\/www.icro.it\/prodotto\/esmalte-5000-blanco-al-agua\/"},"modified":"2021-09-30T13:19:52","modified_gmt":"2021-09-30T13:19:52","slug":"esmalte-5000-blanco-al-agua","status":"publish","type":"product","link":"https:\/\/www.icro.it\/es\/producto\/esmalte-5000-blanco-al-agua\/","title":{"rendered":"ESMALTE 5000 BLANCO AL AGUA"},"content":{"rendered":"<p>Esmalte blanco al agua para todo tipo de aplicaciones con pulverizaci\u00f3n y cortina. Puede utilizarse como monocomponente o con catalizador. Posee excelentes resistencias a los l\u00edquidos fr\u00edos, buena dureza superficial, \u00f3ptima distensi\u00f3n y excelente cubrici\u00f3n. Base para sistema COLORMIX 2.0<\/p>\n","protected":false},"excerpt":{"rendered":"<p>Esmalte blanco al agua para todo tipo de aplicaciones con pulverizaci\u00f3n y cortina. Puede utilizarse como monocomponente o con catalizador. Posee excelentes resistencias a los l\u00edquidos fr\u00edos, buena dureza superficial, \u00f3ptima distensi\u00f3n y excelente cubrici\u00f3n. Base para sistema COLORMIX 2.0<\/p>\n","protected":false},"featured_media":12498,"comment_status":"closed","ping_status":"closed","template":"","meta":[],"product_cat":[403,404,434,439,467,468,472,368,400,401,402],"product_tag":[],"acf":[],"_links":{"self":[{"href":"https:\/\/www.icro.it\/es\/wp-json\/wp\/v2\/product\/10749"}],"collection":[{"href":"https:\/\/www.icro.it\/es\/wp-json\/wp\/v2\/product"}],"about":[{"href":"https:\/\/www.icro.it\/es\/wp-json\/wp\/v2\/types\/product"}],"replies":[{"embeddable":true,"href":"https:\/\/www.icro.it\/es\/wp-json\/wp\/v2\/comments?post=10749"}],"wp:featuredmedia":[{"embeddable":true,"href":"https:\/\/www.icro.it\/es\/wp-json\/wp\/v2\/media\/12498"}],"wp:attachment":[{"href":"https:\/\/www.icro.it\/es\/wp-json\/wp\/v2\/media?parent=10749"}],"wp:term":[{"taxonomy":"product_cat","embeddable":true,"href":"https:\/\/www.icro.it\/es\/wp-json\/wp\/v2\/product_cat?post=10749"},{"taxonomy":"product_tag","embeddable":true,"href":"https:\/\/www.icro.it\/es\/wp-json\/wp\/v2\/product_tag?post=10749"}],"curies":[{"name":"wp","href":"https:\/\/api.w.org\/{rel}","templated":true}]}}