{"id":10758,"date":"2021-09-30T13:19:56","date_gmt":"2021-09-30T13:19:56","guid":{"rendered":"https:\/\/www.icro.it\/prodotto\/acabado-130-tix-blanco\/"},"modified":"2021-09-30T13:19:57","modified_gmt":"2021-09-30T13:19:57","slug":"acabado-130-tix-blanco","status":"publish","type":"product","link":"https:\/\/www.icro.it\/es\/producto\/acabado-130-tix-blanco\/","title":{"rendered":"ACABADO 130 TIX BLANCO"},"content":{"rendered":"<p>Esmalte blanco al agua tixotr\u00f3pico para exterior. Posee una excelente cubrici\u00f3n, tixotrop\u00eda, nivelaci\u00f3n y  elevada duraci\u00f3n en el exterior. Base para sistema COLORMIX 2.0<\/p>\n","protected":false},"excerpt":{"rendered":"<p>Esmalte blanco al agua tixotr\u00f3pico para exterior. Posee una excelente cubrici\u00f3n, tixotrop\u00eda, nivelaci\u00f3n y  elevada duraci\u00f3n en el exterior. Base para sistema COLORMIX 2.0<\/p>\n","protected":false},"featured_media":10546,"comment_status":"closed","ping_status":"closed","template":"","meta":[],"product_cat":[368,400,403,411,412,414,434,439,467,476],"product_tag":[],"class_list":["item"],"acf":[],"_links":{"self":[{"href":"https:\/\/www.icro.it\/es\/wp-json\/wp\/v2\/product\/10758","targetHints":{"allow":["GET"]}}],"collection":[{"href":"https:\/\/www.icro.it\/es\/wp-json\/wp\/v2\/product"}],"about":[{"href":"https:\/\/www.icro.it\/es\/wp-json\/wp\/v2\/types\/product"}],"replies":[{"embeddable":true,"href":"https:\/\/www.icro.it\/es\/wp-json\/wp\/v2\/comments?post=10758"}],"wp:featuredmedia":[{"embeddable":true,"href":"https:\/\/www.icro.it\/es\/wp-json\/wp\/v2\/media\/10546"}],"wp:attachment":[{"href":"https:\/\/www.icro.it\/es\/wp-json\/wp\/v2\/media?parent=10758"}],"wp:term":[{"taxonomy":"product_cat","embeddable":true,"href":"https:\/\/www.icro.it\/es\/wp-json\/wp\/v2\/product_cat?post=10758"},{"taxonomy":"product_tag","embeddable":true,"href":"https:\/\/www.icro.it\/es\/wp-json\/wp\/v2\/product_tag?post=10758"}],"curies":[{"name":"wp","href":"https:\/\/api.w.org\/{rel}","templated":true}]}}