{"id":10778,"date":"2021-09-30T13:19:56","date_gmt":"2021-09-30T13:19:56","guid":{"rendered":"https:\/\/www.icro.it\/prodotto\/pasta-5000-blanca-a\/"},"modified":"2025-02-06T14:41:32","modified_gmt":"2025-02-06T13:41:32","slug":"pasta-5000-blanca-a","status":"publish","type":"product","link":"https:\/\/www.icro.it\/es\/producto\/pasta-5000-blanca-a\/","title":{"rendered":"PASTA 5000 BLANCA A"},"content":{"rendered":"<p>Serie de pastas al agua pigmentadas de alta cubrici\u00f3n para utilizar en todos los sistemas tintom\u00e9tricos COLORMIX 5000 Est\u00e1n disponibles las formulaciones de colores COLORMIX &#8211; RAL &#8211; NCS. Poseen una excelente resistencia a la luz y una fluidez perfecta para facilitar la dosificaci\u00f3n en peso o en volumen.<\/p>\n","protected":false},"excerpt":{"rendered":"<p>Serie de pastas al agua pigmentadas de alta cubrici\u00f3n para utilizar en todos los sistemas tintom\u00e9tricos COLORMIX 5000 Est\u00e1n disponibles las formulaciones de colores COLORMIX &#8211; RAL &#8211; NCS. Poseen una excelente resistencia a la luz y una fluidez perfecta para facilitar la dosificaci\u00f3n en peso o en volumen.<\/p>\n","protected":false},"featured_media":10546,"comment_status":"closed","ping_status":"closed","template":"","meta":[],"product_cat":[476,368,467,468],"product_tag":[],"acf":[],"_links":{"self":[{"href":"https:\/\/www.icro.it\/es\/wp-json\/wp\/v2\/product\/10778"}],"collection":[{"href":"https:\/\/www.icro.it\/es\/wp-json\/wp\/v2\/product"}],"about":[{"href":"https:\/\/www.icro.it\/es\/wp-json\/wp\/v2\/types\/product"}],"replies":[{"embeddable":true,"href":"https:\/\/www.icro.it\/es\/wp-json\/wp\/v2\/comments?post=10778"}],"wp:featuredmedia":[{"embeddable":true,"href":"https:\/\/www.icro.it\/es\/wp-json\/wp\/v2\/media\/10546"}],"wp:attachment":[{"href":"https:\/\/www.icro.it\/es\/wp-json\/wp\/v2\/media?parent=10778"}],"wp:term":[{"taxonomy":"product_cat","embeddable":true,"href":"https:\/\/www.icro.it\/es\/wp-json\/wp\/v2\/product_cat?post=10778"},{"taxonomy":"product_tag","embeddable":true,"href":"https:\/\/www.icro.it\/es\/wp-json\/wp\/v2\/product_tag?post=10778"}],"curies":[{"name":"wp","href":"https:\/\/api.w.org\/{rel}","templated":true}]}}