{"id":10806,"date":"2020-07-20T15:23:26","date_gmt":"2021-09-30T13:19:56","guid":{"rendered":"https:\/\/www.icro.it\/prodotto\/fondo-al-agua-415-blanco\/"},"modified":"2021-09-30T13:20:17","modified_gmt":"2021-09-30T13:20:17","slug":"fondo-al-agua-415-blanco","status":"publish","type":"product","link":"https:\/\/www.icro.it\/es\/producto\/fondo-al-agua-415-blanco\/","title":{"rendered":"FONDO AL AGUA 415 BLANCO"},"content":{"rendered":"<p>Fondo al agua blanco de dos componentes para aplicaci\u00f3n por pulverizaci\u00f3n. Para pintar paneles, muebles y puertas interiores. Uso profesional e industrial. Alta cubrici\u00f3n, incluido MDF.<\/p>\n","protected":false},"excerpt":{"rendered":"<p>Fondo al agua blanco de dos componentes para aplicaci\u00f3n por pulverizaci\u00f3n. Para pintar paneles, muebles y puertas interiores. Uso profesional e industrial. Alta cubrici\u00f3n, incluido MDF.<\/p>\n","protected":false},"featured_media":10536,"comment_status":"closed","ping_status":"closed","template":"","meta":[],"product_cat":[368,400,401,402,409,434,439,468],"product_tag":[],"acf":[],"_links":{"self":[{"href":"https:\/\/www.icro.it\/es\/wp-json\/wp\/v2\/product\/10806"}],"collection":[{"href":"https:\/\/www.icro.it\/es\/wp-json\/wp\/v2\/product"}],"about":[{"href":"https:\/\/www.icro.it\/es\/wp-json\/wp\/v2\/types\/product"}],"replies":[{"embeddable":true,"href":"https:\/\/www.icro.it\/es\/wp-json\/wp\/v2\/comments?post=10806"}],"wp:featuredmedia":[{"embeddable":true,"href":"https:\/\/www.icro.it\/es\/wp-json\/wp\/v2\/media\/10536"}],"wp:attachment":[{"href":"https:\/\/www.icro.it\/es\/wp-json\/wp\/v2\/media?parent=10806"}],"wp:term":[{"taxonomy":"product_cat","embeddable":true,"href":"https:\/\/www.icro.it\/es\/wp-json\/wp\/v2\/product_cat?post=10806"},{"taxonomy":"product_tag","embeddable":true,"href":"https:\/\/www.icro.it\/es\/wp-json\/wp\/v2\/product_tag?post=10806"}],"curies":[{"name":"wp","href":"https:\/\/api.w.org\/{rel}","templated":true}]}}