{"id":10816,"date":"2021-09-30T13:19:56","date_gmt":"2021-09-30T13:19:56","guid":{"rendered":"https:\/\/www.icro.it\/prodotto\/fondo-tixotropico-200-al-agua-blanco\/"},"modified":"2021-09-30T13:20:19","modified_gmt":"2021-09-30T13:20:19","slug":"fondo-tixotropico-200-al-agua-blanco","status":"publish","type":"product","link":"https:\/\/www.icro.it\/es\/producto\/fondo-tixotropico-200-al-agua-blanco\/","title":{"rendered":"FONDO TIXOTR\u00d3PICO 200 AL AGUA BLANCO"},"content":{"rendered":"<p>Fondo blanco al agua tixotr\u00f3pico para aplicaci\u00f3n con pulverizaci\u00f3n. Tiene una excelente cubrici\u00f3n, excelente tixotrop\u00eda nivelaci\u00f3n, alta durabilidad al exterior.<\/p>\n","protected":false},"excerpt":{"rendered":"<p>Fondo blanco al agua tixotr\u00f3pico para aplicaci\u00f3n con pulverizaci\u00f3n. Tiene una excelente cubrici\u00f3n, excelente tixotrop\u00eda nivelaci\u00f3n, alta durabilidad al exterior.<\/p>\n","protected":false},"featured_media":10536,"comment_status":"closed","ping_status":"closed","template":"","meta":[],"product_cat":[368,411,412,414,434,439,476],"product_tag":[],"class_list":["item"],"acf":[],"_links":{"self":[{"href":"https:\/\/www.icro.it\/es\/wp-json\/wp\/v2\/product\/10816","targetHints":{"allow":["GET"]}}],"collection":[{"href":"https:\/\/www.icro.it\/es\/wp-json\/wp\/v2\/product"}],"about":[{"href":"https:\/\/www.icro.it\/es\/wp-json\/wp\/v2\/types\/product"}],"replies":[{"embeddable":true,"href":"https:\/\/www.icro.it\/es\/wp-json\/wp\/v2\/comments?post=10816"}],"wp:featuredmedia":[{"embeddable":true,"href":"https:\/\/www.icro.it\/es\/wp-json\/wp\/v2\/media\/10536"}],"wp:attachment":[{"href":"https:\/\/www.icro.it\/es\/wp-json\/wp\/v2\/media?parent=10816"}],"wp:term":[{"taxonomy":"product_cat","embeddable":true,"href":"https:\/\/www.icro.it\/es\/wp-json\/wp\/v2\/product_cat?post=10816"},{"taxonomy":"product_tag","embeddable":true,"href":"https:\/\/www.icro.it\/es\/wp-json\/wp\/v2\/product_tag?post=10816"}],"curies":[{"name":"wp","href":"https:\/\/api.w.org\/{rel}","templated":true}]}}