{"id":10834,"date":"2021-09-30T13:20:25","date_gmt":"2021-09-30T13:20:25","guid":{"rendered":"https:\/\/www.icro.it\/prodotto\/barniz-pu-a-8000-soft-matt\/"},"modified":"2021-09-30T13:20:25","modified_gmt":"2021-09-30T13:20:25","slug":"barniz-pu-a-8000-soft-matt","status":"publish","type":"product","link":"https:\/\/www.icro.it\/es\/producto\/barniz-pu-a-8000-soft-matt\/","title":{"rendered":"BARNIZ PU A 8000 SOFT MATT"},"content":{"rendered":"<p>Barniz poliuretano transparente efecto SOFT MATT. Aplicaci\u00f3n con pulverizaci\u00f3n. Excelente caracter\u00edstica antihuella, antirreflejo, antiara\u00f1azo y manteniendo el efecto suave al tacto. Para sistema ICROMIX.<\/p>\n","protected":false},"excerpt":{"rendered":"<p>Barniz poliuretano transparente efecto SOFT MATT. Aplicaci\u00f3n con pulverizaci\u00f3n. Excelente caracter\u00edstica antihuella, antirreflejo, antiara\u00f1azo y manteniendo el efecto suave al tacto. Para sistema ICROMIX.<\/p>\n","protected":false},"featured_media":10526,"comment_status":"closed","ping_status":"closed","template":"","meta":[],"product_cat":[473,400,401,402,403,404,409,434,435,368,442,371,467,375],"product_tag":[],"acf":[],"_links":{"self":[{"href":"https:\/\/www.icro.it\/es\/wp-json\/wp\/v2\/product\/10834"}],"collection":[{"href":"https:\/\/www.icro.it\/es\/wp-json\/wp\/v2\/product"}],"about":[{"href":"https:\/\/www.icro.it\/es\/wp-json\/wp\/v2\/types\/product"}],"replies":[{"embeddable":true,"href":"https:\/\/www.icro.it\/es\/wp-json\/wp\/v2\/comments?post=10834"}],"wp:featuredmedia":[{"embeddable":true,"href":"https:\/\/www.icro.it\/es\/wp-json\/wp\/v2\/media\/10526"}],"wp:attachment":[{"href":"https:\/\/www.icro.it\/es\/wp-json\/wp\/v2\/media?parent=10834"}],"wp:term":[{"taxonomy":"product_cat","embeddable":true,"href":"https:\/\/www.icro.it\/es\/wp-json\/wp\/v2\/product_cat?post=10834"},{"taxonomy":"product_tag","embeddable":true,"href":"https:\/\/www.icro.it\/es\/wp-json\/wp\/v2\/product_tag?post=10834"}],"curies":[{"name":"wp","href":"https:\/\/api.w.org\/{rel}","templated":true}]}}