{"id":10879,"date":"2020-07-20T15:24:00","date_gmt":"2021-09-30T13:20:25","guid":{"rendered":"https:\/\/www.icro.it\/prodotto\/barniz-ecl-1350-ignifugo\/"},"modified":"2021-11-24T16:59:20","modified_gmt":"2021-11-24T16:59:20","slug":"barniz-ecl-1350-ignifugo","status":"publish","type":"product","link":"https:\/\/www.icro.it\/es\/producto\/barniz-ecl-1350-ignifugo\/","title":{"rendered":"BARNIZ ECL 1350 IGN\u00cdFUGO"},"content":{"rendered":"<p>Barniz ECL 1350 transparente Ignifugo &#8211; mate &#8211; satinado &#8211; brillante. con caracter\u00edsticas est\u00e9ticas finales comparables a sistemas PU no ign\u00edfugos &#8211; PRODUCTOS IGN\u00cdFUGOS EN 13501 parte 1 &#8211; EUROCLASE B s1 d0. BASE PARA SISTEMA TINTOM\u00c9TRICO ICROMIX<\/p>\n","protected":false},"excerpt":{"rendered":"<p>Barniz ECL 1350 transparente Ignifugo &#8211; mate &#8211; satinado &#8211; brillante. con caracter\u00edsticas est\u00e9ticas finales comparables a sistemas PU no ign\u00edfugos &#8211; PRODUCTOS IGN\u00cdFUGOS EN 13501 parte 1 &#8211; EUROCLASE B s1 d0. BASE PARA SISTEMA TINTOM\u00c9TRICO ICROMIX<\/p>\n","protected":false},"featured_media":12504,"comment_status":"closed","ping_status":"closed","template":"","meta":[],"product_cat":[368,371,548,376,400,401,402,409,434,442,467],"product_tag":[],"acf":[],"_links":{"self":[{"href":"https:\/\/www.icro.it\/es\/wp-json\/wp\/v2\/product\/10879"}],"collection":[{"href":"https:\/\/www.icro.it\/es\/wp-json\/wp\/v2\/product"}],"about":[{"href":"https:\/\/www.icro.it\/es\/wp-json\/wp\/v2\/types\/product"}],"replies":[{"embeddable":true,"href":"https:\/\/www.icro.it\/es\/wp-json\/wp\/v2\/comments?post=10879"}],"wp:featuredmedia":[{"embeddable":true,"href":"https:\/\/www.icro.it\/es\/wp-json\/wp\/v2\/media\/12504"}],"wp:attachment":[{"href":"https:\/\/www.icro.it\/es\/wp-json\/wp\/v2\/media?parent=10879"}],"wp:term":[{"taxonomy":"product_cat","embeddable":true,"href":"https:\/\/www.icro.it\/es\/wp-json\/wp\/v2\/product_cat?post=10879"},{"taxonomy":"product_tag","embeddable":true,"href":"https:\/\/www.icro.it\/es\/wp-json\/wp\/v2\/product_tag?post=10879"}],"curies":[{"name":"wp","href":"https:\/\/api.w.org\/{rel}","templated":true}]}}