{"id":10889,"date":"2021-09-30T13:20:25","date_gmt":"2021-09-30T13:20:25","guid":{"rendered":"https:\/\/www.icro.it\/prodotto\/acabado-pu-701\/"},"modified":"2021-09-30T13:20:35","modified_gmt":"2021-09-30T13:20:35","slug":"acabado-pu-701","status":"publish","type":"product","link":"https:\/\/www.icro.it\/es\/producto\/acabado-pu-701\/","title":{"rendered":"ACABADO  PU 701"},"content":{"rendered":"<p>Barniz de poliuretano transparente para aplicaciones con rodillo o brocha. Indicado para usar como acabado de fondos. Tiene excelente resistencia qu\u00edmico-f\u00edsica, buena elasticidad, excelente dureza superficial y resistencia a la abrasi\u00f3n. El acabado tiene una excelente resistencia al lavado con agua y detergentes neutros. Cumple con la normativa 2004\/42 \/ CE. El rendimiento es entre 90-100 g\/m2. Despu\u00e9s de 6 horas no deja huella.<\/p>\n","protected":false},"excerpt":{"rendered":"<p>Barniz de poliuretano transparente para aplicaciones con rodillo o brocha. Indicado para usar como acabado de fondos. Tiene excelente resistencia qu\u00edmico-f\u00edsica, buena elasticidad, excelente dureza superficial y resistencia a la abrasi\u00f3n. El acabado tiene una excelente resistencia al lavado con agua y detergentes neutros. Cumple con la normativa 2004\/42 \/ CE. El rendimiento es entre 90-100 g\/m2. Despu\u00e9s de 6 horas no deja huella.<\/p>\n","protected":false},"featured_media":10672,"comment_status":"closed","ping_status":"closed","template":"","meta":[],"product_cat":[442,368,371,372,400,408,434],"product_tag":[],"acf":[],"_links":{"self":[{"href":"https:\/\/www.icro.it\/es\/wp-json\/wp\/v2\/product\/10889"}],"collection":[{"href":"https:\/\/www.icro.it\/es\/wp-json\/wp\/v2\/product"}],"about":[{"href":"https:\/\/www.icro.it\/es\/wp-json\/wp\/v2\/types\/product"}],"replies":[{"embeddable":true,"href":"https:\/\/www.icro.it\/es\/wp-json\/wp\/v2\/comments?post=10889"}],"wp:featuredmedia":[{"embeddable":true,"href":"https:\/\/www.icro.it\/es\/wp-json\/wp\/v2\/media\/10672"}],"wp:attachment":[{"href":"https:\/\/www.icro.it\/es\/wp-json\/wp\/v2\/media?parent=10889"}],"wp:term":[{"taxonomy":"product_cat","embeddable":true,"href":"https:\/\/www.icro.it\/es\/wp-json\/wp\/v2\/product_cat?post=10889"},{"taxonomy":"product_tag","embeddable":true,"href":"https:\/\/www.icro.it\/es\/wp-json\/wp\/v2\/product_tag?post=10889"}],"curies":[{"name":"wp","href":"https:\/\/api.w.org\/{rel}","templated":true}]}}