{"id":10921,"date":"2020-07-20T15:24:00","date_gmt":"2021-09-30T13:20:25","guid":{"rendered":"https:\/\/www.icro.it\/prodotto\/barniz-pu-a-330-brillo\/"},"modified":"2021-09-30T13:20:41","modified_gmt":"2021-09-30T13:20:41","slug":"barniz-pu-a-330-brillo","status":"publish","type":"product","link":"https:\/\/www.icro.it\/es\/producto\/barniz-pu-a-330-brillo\/","title":{"rendered":"BARNIZ PU A 330 BRILLO"},"content":{"rendered":"<p>Barniz transparente brillo de alt\u00edsima calidad. Aplicaci\u00f3n con pulverizaci\u00f3n. Excelente elasticidad, alt\u00edsimo brillo y profundidad. Muy buena dureza superficial, aplicable en vertical. Aplicaci\u00f3n con pulverizaci\u00f3n.<\/p>\n","protected":false},"excerpt":{"rendered":"<p>Barniz transparente brillo de alt\u00edsima calidad. Aplicaci\u00f3n con pulverizaci\u00f3n. Excelente elasticidad, alt\u00edsimo brillo y profundidad. Muy buena dureza superficial, aplicable en vertical. Aplicaci\u00f3n con pulverizaci\u00f3n.<\/p>\n","protected":false},"featured_media":13054,"comment_status":"closed","ping_status":"closed","template":"","meta":[],"product_cat":[371,400,548,401,402,403,404,405,434,437,442,368],"product_tag":[],"acf":[],"_links":{"self":[{"href":"https:\/\/www.icro.it\/es\/wp-json\/wp\/v2\/product\/10921"}],"collection":[{"href":"https:\/\/www.icro.it\/es\/wp-json\/wp\/v2\/product"}],"about":[{"href":"https:\/\/www.icro.it\/es\/wp-json\/wp\/v2\/types\/product"}],"replies":[{"embeddable":true,"href":"https:\/\/www.icro.it\/es\/wp-json\/wp\/v2\/comments?post=10921"}],"wp:featuredmedia":[{"embeddable":true,"href":"https:\/\/www.icro.it\/es\/wp-json\/wp\/v2\/media\/13054"}],"wp:attachment":[{"href":"https:\/\/www.icro.it\/es\/wp-json\/wp\/v2\/media?parent=10921"}],"wp:term":[{"taxonomy":"product_cat","embeddable":true,"href":"https:\/\/www.icro.it\/es\/wp-json\/wp\/v2\/product_cat?post=10921"},{"taxonomy":"product_tag","embeddable":true,"href":"https:\/\/www.icro.it\/es\/wp-json\/wp\/v2\/product_tag?post=10921"}],"curies":[{"name":"wp","href":"https:\/\/api.w.org\/{rel}","templated":true}]}}