{"id":10938,"date":"2021-09-30T13:20:25","date_gmt":"2021-09-30T13:20:25","guid":{"rendered":"https:\/\/www.icro.it\/prodotto\/barniz-acrilico-transparente-active\/"},"modified":"2021-09-30T13:20:45","modified_gmt":"2021-09-30T13:20:45","slug":"barniz-acrilico-transparente-active","status":"publish","type":"product","link":"https:\/\/www.icro.it\/es\/producto\/barniz-acrilico-transparente-active\/","title":{"rendered":"BARNIZ ACR\u00cdLICO TRANSPARENTE ACTIVE"},"content":{"rendered":"<p>Barniz acr\u00edlico transparente universal para aplicaciones con pulverizaci\u00f3n y cortina. Universal, excelente nivelaci\u00f3n, resistencia a la luz, uniformidad de mateantes y buena resistencia al ara\u00f1azo.<\/p>\n","protected":false},"excerpt":{"rendered":"<p>Barniz acr\u00edlico transparente universal para aplicaciones con pulverizaci\u00f3n y cortina. Universal, excelente nivelaci\u00f3n, resistencia a la luz, uniformidad de mateantes y buena resistencia al ara\u00f1azo.<\/p>\n","protected":false},"featured_media":10513,"comment_status":"closed","ping_status":"closed","template":"","meta":[],"product_cat":[403,404,409,434,442,472,368,371,373,400,401],"product_tag":[],"acf":[],"_links":{"self":[{"href":"https:\/\/www.icro.it\/es\/wp-json\/wp\/v2\/product\/10938"}],"collection":[{"href":"https:\/\/www.icro.it\/es\/wp-json\/wp\/v2\/product"}],"about":[{"href":"https:\/\/www.icro.it\/es\/wp-json\/wp\/v2\/types\/product"}],"replies":[{"embeddable":true,"href":"https:\/\/www.icro.it\/es\/wp-json\/wp\/v2\/comments?post=10938"}],"wp:featuredmedia":[{"embeddable":true,"href":"https:\/\/www.icro.it\/es\/wp-json\/wp\/v2\/media\/10513"}],"wp:attachment":[{"href":"https:\/\/www.icro.it\/es\/wp-json\/wp\/v2\/media?parent=10938"}],"wp:term":[{"taxonomy":"product_cat","embeddable":true,"href":"https:\/\/www.icro.it\/es\/wp-json\/wp\/v2\/product_cat?post=10938"},{"taxonomy":"product_tag","embeddable":true,"href":"https:\/\/www.icro.it\/es\/wp-json\/wp\/v2\/product_tag?post=10938"}],"curies":[{"name":"wp","href":"https:\/\/api.w.org\/{rel}","templated":true}]}}