{"id":10942,"date":"2021-09-30T13:20:25","date_gmt":"2021-09-30T13:20:25","guid":{"rendered":"https:\/\/www.icro.it\/prodotto\/barniz-acrilico-soft-matt\/"},"modified":"2021-09-30T13:20:46","modified_gmt":"2021-09-30T13:20:46","slug":"barniz-acrilico-soft-matt","status":"publish","type":"product","link":"https:\/\/www.icro.it\/es\/producto\/barniz-acrilico-soft-matt\/","title":{"rendered":"BARNIZ ACR\u00cdLICO SOFT MATT"},"content":{"rendered":"<p>Barniz transparente acr\u00edlico SoftMatt. Alta calidad con excelentes caracter\u00edsticas antimanchas, antiara\u00f1azos y antirreflejo.<\/p>\n","protected":false},"excerpt":{"rendered":"<p>Barniz transparente acr\u00edlico SoftMatt. Alta calidad con excelentes caracter\u00edsticas antimanchas, antiara\u00f1azos y antirreflejo.<\/p>\n","protected":false},"featured_media":10526,"comment_status":"closed","ping_status":"closed","template":"","meta":[],"product_cat":[371,375,400,401,403,404,434,435,442,473,368],"product_tag":[],"acf":[],"_links":{"self":[{"href":"https:\/\/www.icro.it\/es\/wp-json\/wp\/v2\/product\/10942"}],"collection":[{"href":"https:\/\/www.icro.it\/es\/wp-json\/wp\/v2\/product"}],"about":[{"href":"https:\/\/www.icro.it\/es\/wp-json\/wp\/v2\/types\/product"}],"replies":[{"embeddable":true,"href":"https:\/\/www.icro.it\/es\/wp-json\/wp\/v2\/comments?post=10942"}],"wp:featuredmedia":[{"embeddable":true,"href":"https:\/\/www.icro.it\/es\/wp-json\/wp\/v2\/media\/10526"}],"wp:attachment":[{"href":"https:\/\/www.icro.it\/es\/wp-json\/wp\/v2\/media?parent=10942"}],"wp:term":[{"taxonomy":"product_cat","embeddable":true,"href":"https:\/\/www.icro.it\/es\/wp-json\/wp\/v2\/product_cat?post=10942"},{"taxonomy":"product_tag","embeddable":true,"href":"https:\/\/www.icro.it\/es\/wp-json\/wp\/v2\/product_tag?post=10942"}],"curies":[{"name":"wp","href":"https:\/\/api.w.org\/{rel}","templated":true}]}}