{"id":10959,"date":"2021-09-30T13:20:25","date_gmt":"2021-09-30T13:20:25","guid":{"rendered":"https:\/\/www.icro.it\/prodotto\/barniz-a-acrilico-166\/"},"modified":"2021-09-30T13:20:50","modified_gmt":"2021-09-30T13:20:50","slug":"barniz-a-acrilico-166","status":"publish","type":"product","link":"https:\/\/www.icro.it\/es\/producto\/barniz-a-acrilico-166\/","title":{"rendered":"BARNIZ A ACR\u00cdLICO 166"},"content":{"rendered":"<p>Barniz acr\u00edlico transparente tixotr\u00f3pico de alta calidad para aplicaciones con pulverizaci\u00f3n, incluida la electrost\u00e1tica. Alta calidad, ideal para poro abierto, marca el poro sin hincharse. Excelente nivelaci\u00f3n, excelente resistencia a la luz, matizado uniforme, buena resistencia al rayado y adecuado para aplicaciones planas y verticales.<\/p>\n","protected":false},"excerpt":{"rendered":"<p>Barniz acr\u00edlico transparente tixotr\u00f3pico de alta calidad para aplicaciones con pulverizaci\u00f3n, incluida la electrost\u00e1tica. Alta calidad, ideal para poro abierto, marca el poro sin hincharse. Excelente nivelaci\u00f3n, excelente resistencia a la luz, matizado uniforme, buena resistencia al rayado y adecuado para aplicaciones planas y verticales.<\/p>\n","protected":false},"featured_media":10221,"comment_status":"closed","ping_status":"closed","template":"","meta":[],"product_cat":[368,371,400,401,403,404,408,434,442],"product_tag":[],"acf":[],"_links":{"self":[{"href":"https:\/\/www.icro.it\/es\/wp-json\/wp\/v2\/product\/10959"}],"collection":[{"href":"https:\/\/www.icro.it\/es\/wp-json\/wp\/v2\/product"}],"about":[{"href":"https:\/\/www.icro.it\/es\/wp-json\/wp\/v2\/types\/product"}],"replies":[{"embeddable":true,"href":"https:\/\/www.icro.it\/es\/wp-json\/wp\/v2\/comments?post=10959"}],"wp:featuredmedia":[{"embeddable":true,"href":"https:\/\/www.icro.it\/es\/wp-json\/wp\/v2\/media\/10221"}],"wp:attachment":[{"href":"https:\/\/www.icro.it\/es\/wp-json\/wp\/v2\/media?parent=10959"}],"wp:term":[{"taxonomy":"product_cat","embeddable":true,"href":"https:\/\/www.icro.it\/es\/wp-json\/wp\/v2\/product_cat?post=10959"},{"taxonomy":"product_tag","embeddable":true,"href":"https:\/\/www.icro.it\/es\/wp-json\/wp\/v2\/product_tag?post=10959"}],"curies":[{"name":"wp","href":"https:\/\/api.w.org\/{rel}","templated":true}]}}