{"id":10994,"date":"2021-09-30T13:20:58","date_gmt":"2021-09-30T13:20:58","guid":{"rendered":"https:\/\/www.icro.it\/prodotto\/barniz-uv-transparente-active\/"},"modified":"2021-09-30T13:21:02","modified_gmt":"2021-09-30T13:21:02","slug":"barniz-uv-transparente-active","status":"publish","type":"product","link":"https:\/\/www.icro.it\/es\/producto\/barniz-uv-transparente-active\/","title":{"rendered":"BARNIZ UV TRANSPARENTE ACTIVE"},"content":{"rendered":"<p>Barniz acr\u00edlico transparente de secado UV con acci\u00f3n higienizante. Indicado para parquet y muebles donde se requiere excelente resistencia qu\u00edmica y f\u00edsica. Alta calidad, para uso general. Aplicaci\u00f3n rodillo. Al uso.<\/p>\n","protected":false},"excerpt":{"rendered":"<p>Barniz acr\u00edlico transparente de secado UV con acci\u00f3n higienizante. Indicado para parquet y muebles donde se requiere excelente resistencia qu\u00edmica y f\u00edsica. Alta calidad, para uso general. Aplicaci\u00f3n rodillo. Al uso.<\/p>\n","protected":false},"featured_media":10513,"comment_status":"closed","ping_status":"closed","template":"","meta":[],"product_cat":[401,403,404,408,409,434,442,368,472,371,373,400],"product_tag":[],"acf":[],"_links":{"self":[{"href":"https:\/\/www.icro.it\/es\/wp-json\/wp\/v2\/product\/10994"}],"collection":[{"href":"https:\/\/www.icro.it\/es\/wp-json\/wp\/v2\/product"}],"about":[{"href":"https:\/\/www.icro.it\/es\/wp-json\/wp\/v2\/types\/product"}],"replies":[{"embeddable":true,"href":"https:\/\/www.icro.it\/es\/wp-json\/wp\/v2\/comments?post=10994"}],"wp:featuredmedia":[{"embeddable":true,"href":"https:\/\/www.icro.it\/es\/wp-json\/wp\/v2\/media\/10513"}],"wp:attachment":[{"href":"https:\/\/www.icro.it\/es\/wp-json\/wp\/v2\/media?parent=10994"}],"wp:term":[{"taxonomy":"product_cat","embeddable":true,"href":"https:\/\/www.icro.it\/es\/wp-json\/wp\/v2\/product_cat?post=10994"},{"taxonomy":"product_tag","embeddable":true,"href":"https:\/\/www.icro.it\/es\/wp-json\/wp\/v2\/product_tag?post=10994"}],"curies":[{"name":"wp","href":"https:\/\/api.w.org\/{rel}","templated":true}]}}