{"id":11032,"date":"2021-09-30T13:20:58","date_gmt":"2021-09-30T13:20:58","guid":{"rendered":"https:\/\/www.icro.it\/prodotto\/barniz-uv-acrilico-transparente-a-rodillo\/"},"modified":"2021-09-30T13:21:14","modified_gmt":"2021-09-30T13:21:14","slug":"barniz-uv-acrilico-transparente-a-rodillo","status":"publish","type":"product","link":"https:\/\/www.icro.it\/es\/producto\/barniz-uv-acrilico-transparente-a-rodillo\/","title":{"rendered":"BARNIZ UV ACR\u00cdLICO TRANSPARENTE A RODILLO"},"content":{"rendered":"<p>Alta calidad, para uso general. Indicado para parquet y muebles donde se requiere excelente resistencia qu\u00edmica y mec\u00e1nica. Aplicaci\u00f3n rodillo. Al uso.<\/p>\n","protected":false},"excerpt":{"rendered":"<p>Alta calidad, para uso general. Indicado para parquet y muebles donde se requiere excelente resistencia qu\u00edmica y mec\u00e1nica. Aplicaci\u00f3n rodillo. Al uso.<\/p>\n","protected":false},"featured_media":10984,"comment_status":"closed","ping_status":"closed","template":"","meta":[],"product_cat":[403,404,434,442,368,371,377,400,401,402],"product_tag":[],"acf":[],"_links":{"self":[{"href":"https:\/\/www.icro.it\/es\/wp-json\/wp\/v2\/product\/11032"}],"collection":[{"href":"https:\/\/www.icro.it\/es\/wp-json\/wp\/v2\/product"}],"about":[{"href":"https:\/\/www.icro.it\/es\/wp-json\/wp\/v2\/types\/product"}],"replies":[{"embeddable":true,"href":"https:\/\/www.icro.it\/es\/wp-json\/wp\/v2\/comments?post=11032"}],"wp:featuredmedia":[{"embeddable":true,"href":"https:\/\/www.icro.it\/es\/wp-json\/wp\/v2\/media\/10984"}],"wp:attachment":[{"href":"https:\/\/www.icro.it\/es\/wp-json\/wp\/v2\/media?parent=11032"}],"wp:term":[{"taxonomy":"product_cat","embeddable":true,"href":"https:\/\/www.icro.it\/es\/wp-json\/wp\/v2\/product_cat?post=11032"},{"taxonomy":"product_tag","embeddable":true,"href":"https:\/\/www.icro.it\/es\/wp-json\/wp\/v2\/product_tag?post=11032"}],"curies":[{"name":"wp","href":"https:\/\/api.w.org\/{rel}","templated":true}]}}