{"id":11036,"date":"2020-07-20T15:24:38","date_gmt":"2021-09-30T13:20:58","guid":{"rendered":"https:\/\/www.icro.it\/prodotto\/estuco-uv-poliacrilico-transparente\/"},"modified":"2021-11-25T08:48:01","modified_gmt":"2021-11-25T08:48:01","slug":"estuco-uv-poliacrilico-transparente","status":"publish","type":"product","link":"https:\/\/www.icro.it\/es\/producto\/estuco-uv-poliacrilico-transparente\/","title":{"rendered":"ESTUCO UV POLIACR\u00cdLICO TRANSPARENTE"},"content":{"rendered":"<p>Producto para espatuladora y reverse. Tambi\u00e9n indicado como preparaci\u00f3n para ciclos pigmentados. Al uso.<\/p>\n","protected":false},"excerpt":{"rendered":"<p>Producto para espatuladora y reverse. Tambi\u00e9n indicado como preparaci\u00f3n para ciclos pigmentados. Al uso.<\/p>\n","protected":false},"featured_media":10984,"comment_status":"closed","ping_status":"closed","template":"","meta":[],"product_cat":[400,401,402,434,442,368,371,377],"product_tag":[],"acf":[],"_links":{"self":[{"href":"https:\/\/www.icro.it\/es\/wp-json\/wp\/v2\/product\/11036"}],"collection":[{"href":"https:\/\/www.icro.it\/es\/wp-json\/wp\/v2\/product"}],"about":[{"href":"https:\/\/www.icro.it\/es\/wp-json\/wp\/v2\/types\/product"}],"replies":[{"embeddable":true,"href":"https:\/\/www.icro.it\/es\/wp-json\/wp\/v2\/comments?post=11036"}],"wp:featuredmedia":[{"embeddable":true,"href":"https:\/\/www.icro.it\/es\/wp-json\/wp\/v2\/media\/10984"}],"wp:attachment":[{"href":"https:\/\/www.icro.it\/es\/wp-json\/wp\/v2\/media?parent=11036"}],"wp:term":[{"taxonomy":"product_cat","embeddable":true,"href":"https:\/\/www.icro.it\/es\/wp-json\/wp\/v2\/product_cat?post=11036"},{"taxonomy":"product_tag","embeddable":true,"href":"https:\/\/www.icro.it\/es\/wp-json\/wp\/v2\/product_tag?post=11036"}],"curies":[{"name":"wp","href":"https:\/\/api.w.org\/{rel}","templated":true}]}}