{"id":11062,"date":"2021-09-30T13:20:58","date_gmt":"2021-09-30T13:20:58","guid":{"rendered":"https:\/\/www.icro.it\/prodotto\/esmalte-uv-acrilico-soft-matt-a-cortina\/"},"modified":"2021-09-30T13:21:24","modified_gmt":"2021-09-30T13:21:24","slug":"esmalte-uv-acrilico-soft-matt-a-cortina","status":"publish","type":"product","link":"https:\/\/www.icro.it\/es\/producto\/esmalte-uv-acrilico-soft-matt-a-cortina\/","title":{"rendered":"ESMALTE UV ACR\u00cdLICO SOFT MATT A CORTINA"},"content":{"rendered":"<p>Esmalte UV SoftMatt. Aplicaci\u00f3n a cortina. La l\u00ednea  SoftMatt se caracteriza por su tacto suave, antimanchas, antiara\u00f1azos y antirreflejos.<\/p>\n","protected":false},"excerpt":{"rendered":"<p>Esmalte UV SoftMatt. Aplicaci\u00f3n a cortina. La l\u00ednea  SoftMatt se caracteriza por su tacto suave, antimanchas, antiara\u00f1azos y antirreflejos.<\/p>\n","protected":false},"featured_media":10526,"comment_status":"closed","ping_status":"closed","template":"","meta":[],"product_cat":[439,375,473,377,400,401,402,403,404,409,434,368,435,371],"product_tag":[],"acf":[],"_links":{"self":[{"href":"https:\/\/www.icro.it\/es\/wp-json\/wp\/v2\/product\/11062"}],"collection":[{"href":"https:\/\/www.icro.it\/es\/wp-json\/wp\/v2\/product"}],"about":[{"href":"https:\/\/www.icro.it\/es\/wp-json\/wp\/v2\/types\/product"}],"replies":[{"embeddable":true,"href":"https:\/\/www.icro.it\/es\/wp-json\/wp\/v2\/comments?post=11062"}],"wp:featuredmedia":[{"embeddable":true,"href":"https:\/\/www.icro.it\/es\/wp-json\/wp\/v2\/media\/10526"}],"wp:attachment":[{"href":"https:\/\/www.icro.it\/es\/wp-json\/wp\/v2\/media?parent=11062"}],"wp:term":[{"taxonomy":"product_cat","embeddable":true,"href":"https:\/\/www.icro.it\/es\/wp-json\/wp\/v2\/product_cat?post=11062"},{"taxonomy":"product_tag","embeddable":true,"href":"https:\/\/www.icro.it\/es\/wp-json\/wp\/v2\/product_tag?post=11062"}],"curies":[{"name":"wp","href":"https:\/\/api.w.org\/{rel}","templated":true}]}}