{"id":11072,"date":"2021-09-30T13:21:30","date_gmt":"2021-09-30T13:21:30","guid":{"rendered":"https:\/\/www.icro.it\/prodotto\/esmalte-uv-acrilico-soft-matt-a-cortina-3\/"},"modified":"2021-09-30T13:21:31","modified_gmt":"2021-09-30T13:21:31","slug":"esmalte-uv-acrilico-soft-matt-a-cortina-3","status":"publish","type":"product","link":"https:\/\/www.icro.it\/es\/producto\/esmalte-uv-acrilico-soft-matt-a-cortina-3\/","title":{"rendered":"ESMALTE UV ACR\u00cdLICO SOFT MATT A CORTINA"},"content":{"rendered":"<p>Esmalte UV SoftMatt. Aplicaci\u00f3n a cortina. La l\u00ednea SoftMatt se caracteriza por su tacto suave, antimanchas, antiara\u00f1azos y antirreflejos.<\/p>\n","protected":false},"excerpt":{"rendered":"<p>Esmalte UV SoftMatt. Aplicaci\u00f3n a cortina. La l\u00ednea SoftMatt se caracteriza por su tacto suave, antimanchas, antiara\u00f1azos y antirreflejos.<\/p>\n","protected":false},"featured_media":10984,"comment_status":"closed","ping_status":"closed","template":"","meta":[],"product_cat":[368,371,377,400,401,403,404,434,437,439,472],"product_tag":[],"class_list":["item"],"acf":[],"_links":{"self":[{"href":"https:\/\/www.icro.it\/es\/wp-json\/wp\/v2\/product\/11072","targetHints":{"allow":["GET"]}}],"collection":[{"href":"https:\/\/www.icro.it\/es\/wp-json\/wp\/v2\/product"}],"about":[{"href":"https:\/\/www.icro.it\/es\/wp-json\/wp\/v2\/types\/product"}],"replies":[{"embeddable":true,"href":"https:\/\/www.icro.it\/es\/wp-json\/wp\/v2\/comments?post=11072"}],"wp:featuredmedia":[{"embeddable":true,"href":"https:\/\/www.icro.it\/es\/wp-json\/wp\/v2\/media\/10984"}],"wp:attachment":[{"href":"https:\/\/www.icro.it\/es\/wp-json\/wp\/v2\/media?parent=11072"}],"wp:term":[{"taxonomy":"product_cat","embeddable":true,"href":"https:\/\/www.icro.it\/es\/wp-json\/wp\/v2\/product_cat?post=11072"},{"taxonomy":"product_tag","embeddable":true,"href":"https:\/\/www.icro.it\/es\/wp-json\/wp\/v2\/product_tag?post=11072"}],"curies":[{"name":"wp","href":"https:\/\/api.w.org\/{rel}","templated":true}]}}