{"id":11192,"date":"2021-09-30T13:21:30","date_gmt":"2021-09-30T13:21:30","guid":{"rendered":"https:\/\/www.icro.it\/prodotto\/impregnante-protector-cersoso-incoloro\/"},"modified":"2021-09-30T13:21:54","modified_gmt":"2021-09-30T13:21:54","slug":"impregnante-protector-cersoso-incoloro","status":"publish","type":"product","link":"https:\/\/www.icro.it\/es\/producto\/impregnante-protector-cersoso-incoloro\/","title":{"rendered":"IMPREGNANTE PROTECTOR CERSOSO INCOLORO"},"content":{"rendered":"<p>Impregnante protector al agua ceroso para exterior serie 422, aplicable con rodillo y brocha. Se puede colorear con las pastas de la serie 40. Indicado para aplicaci\u00f3n de maderas con\u00edferas y maderas de hoja ancha pobres en taninos. Contiene agentes que evitan la formaci\u00f3n de moho y protege la madera del ataque de plagas. Garantiza una alta protecci\u00f3n contra los agentes atmosf\u00e9ricos. Protege eficazmente las puertas de entrada, balcones, cercas, vigas de \u00e1tico, cenadores y muebles de jard\u00edn.<\/p>\n","protected":false},"excerpt":{"rendered":"<p>Impregnante protector al agua ceroso para exterior serie 422, aplicable con rodillo y brocha. Se puede colorear con las pastas de la serie 40. Indicado para aplicaci\u00f3n de maderas con\u00edferas y maderas de hoja ancha pobres en taninos. Contiene agentes que evitan la formaci\u00f3n de moho y protege la madera del ataque de plagas. Garantiza una alta protecci\u00f3n contra los agentes atmosf\u00e9ricos. Protege eficazmente las puertas de entrada, balcones, cercas, vigas de \u00e1tico, cenadores y muebles de jard\u00edn.<\/p>\n","protected":false},"featured_media":10536,"comment_status":"closed","ping_status":"closed","template":"","meta":[],"product_cat":[434,442,475,476,368,411,412,414],"product_tag":[],"acf":[],"_links":{"self":[{"href":"https:\/\/www.icro.it\/es\/wp-json\/wp\/v2\/product\/11192"}],"collection":[{"href":"https:\/\/www.icro.it\/es\/wp-json\/wp\/v2\/product"}],"about":[{"href":"https:\/\/www.icro.it\/es\/wp-json\/wp\/v2\/types\/product"}],"replies":[{"embeddable":true,"href":"https:\/\/www.icro.it\/es\/wp-json\/wp\/v2\/comments?post=11192"}],"wp:featuredmedia":[{"embeddable":true,"href":"https:\/\/www.icro.it\/es\/wp-json\/wp\/v2\/media\/10536"}],"wp:attachment":[{"href":"https:\/\/www.icro.it\/es\/wp-json\/wp\/v2\/media?parent=11192"}],"wp:term":[{"taxonomy":"product_cat","embeddable":true,"href":"https:\/\/www.icro.it\/es\/wp-json\/wp\/v2\/product_cat?post=11192"},{"taxonomy":"product_tag","embeddable":true,"href":"https:\/\/www.icro.it\/es\/wp-json\/wp\/v2\/product_tag?post=11192"}],"curies":[{"name":"wp","href":"https:\/\/api.w.org\/{rel}","templated":true}]}}