{"id":11432,"date":"2021-09-30T13:22:37","date_gmt":"2021-09-30T13:22:37","guid":{"rendered":"https:\/\/www.icro.it\/prodotto\/olio-giulia\/"},"modified":"2021-09-30T13:22:42","modified_gmt":"2021-09-30T13:22:42","slug":"olio-per-legno-giulia","status":"publish","type":"product","link":"https:\/\/www.icro.it\/es\/producto\/olio-per-legno-giulia\/","title":{"rendered":"OLIO GIULIA"},"content":{"rendered":"<p>Aceite natural con resinas vegetales para el tratamiento de suelos o productos de madera. Efecto mate natural. Resalta el car\u00e1cter aut\u00e9ntico y original de la madera, tacto suave. Excelente resistencia a l\u00edquidos fr\u00edos y buena resistencia al rayado.  Aplicaci\u00f3n manual con rodillo, brocha o trapo, aplicar 2 capas espaciadas con 4 horas de diferencia. Secado completo 12\/24 horas a temperatura ambiente. Se puede colorear con pastas de la serie PGPP0403.<\/p>\n","protected":false},"excerpt":{"rendered":"<p>Aceite natural con resinas vegetales para el tratamiento de suelos o productos de madera. Efecto mate natural. Resalta el car\u00e1cter aut\u00e9ntico y original de la madera, tacto suave. Excelente resistencia a l\u00edquidos fr\u00edos y buena resistencia al rayado.  Aplicaci\u00f3n manual con rodillo, brocha o trapo, aplicar 2 capas espaciadas con 4 horas de diferencia. Secado completo 12\/24 horas a temperatura ambiente. Se puede colorear con pastas de la serie PGPP0403.<\/p>\n","protected":false},"featured_media":570,"comment_status":"closed","ping_status":"closed","template":"","meta":[],"product_cat":[442,368,371,400,401,402,408,409,434,436],"product_tag":[],"acf":[],"_links":{"self":[{"href":"https:\/\/www.icro.it\/es\/wp-json\/wp\/v2\/product\/11432"}],"collection":[{"href":"https:\/\/www.icro.it\/es\/wp-json\/wp\/v2\/product"}],"about":[{"href":"https:\/\/www.icro.it\/es\/wp-json\/wp\/v2\/types\/product"}],"replies":[{"embeddable":true,"href":"https:\/\/www.icro.it\/es\/wp-json\/wp\/v2\/comments?post=11432"}],"wp:featuredmedia":[{"embeddable":true,"href":"https:\/\/www.icro.it\/es\/wp-json\/wp\/v2\/media\/570"}],"wp:attachment":[{"href":"https:\/\/www.icro.it\/es\/wp-json\/wp\/v2\/media?parent=11432"}],"wp:term":[{"taxonomy":"product_cat","embeddable":true,"href":"https:\/\/www.icro.it\/es\/wp-json\/wp\/v2\/product_cat?post=11432"},{"taxonomy":"product_tag","embeddable":true,"href":"https:\/\/www.icro.it\/es\/wp-json\/wp\/v2\/product_tag?post=11432"}],"curies":[{"name":"wp","href":"https:\/\/api.w.org\/{rel}","templated":true}]}}