{"id":11563,"date":"2020-07-20T15:27:40","date_gmt":"2021-09-30T13:23:36","guid":{"rendered":"https:\/\/www.icro.it\/prodotto\/esmalte-ecl-1351-ignifugo-pigmentado\/"},"modified":"2021-11-24T16:58:55","modified_gmt":"2021-11-24T16:58:55","slug":"esmalte-ecl-1351-ignifugo-pigmentado","status":"publish","type":"product","link":"https:\/\/www.icro.it\/es\/producto\/esmalte-ecl-1351-ignifugo-pigmentado\/","title":{"rendered":"ESMALTE ECL 1351 IGN\u00cdFUGO &#8211; PIGMENTADO"},"content":{"rendered":"<p>Esmalte ign\u00edfugo blanco con caracter\u00edsticas est\u00e9ticas finales comparables a sistemas PU no ign\u00edfugos &#8211; PRODUCTOS IGN\u00cdFUGOS EN 13501 parte 1 &#8211; EUROCLASE B s1 d0. El esmalte es compatible con el sistema tintom\u00e9trico ICROMIX.<\/p>\n","protected":false},"excerpt":{"rendered":"<p>Esmalte ign\u00edfugo blanco con caracter\u00edsticas est\u00e9ticas finales comparables a sistemas PU no ign\u00edfugos &#8211; PRODUCTOS IGN\u00cdFUGOS EN 13501 parte 1 &#8211; EUROCLASE B s1 d0. El esmalte es compatible con el sistema tintom\u00e9trico ICROMIX.<\/p>\n","protected":false},"featured_media":12486,"comment_status":"closed","ping_status":"closed","template":"","meta":[],"product_cat":[400,401,402,409,434,439,467,472,368,371,376,548],"product_tag":[],"acf":[],"_links":{"self":[{"href":"https:\/\/www.icro.it\/es\/wp-json\/wp\/v2\/product\/11563"}],"collection":[{"href":"https:\/\/www.icro.it\/es\/wp-json\/wp\/v2\/product"}],"about":[{"href":"https:\/\/www.icro.it\/es\/wp-json\/wp\/v2\/types\/product"}],"replies":[{"embeddable":true,"href":"https:\/\/www.icro.it\/es\/wp-json\/wp\/v2\/comments?post=11563"}],"wp:featuredmedia":[{"embeddable":true,"href":"https:\/\/www.icro.it\/es\/wp-json\/wp\/v2\/media\/12486"}],"wp:attachment":[{"href":"https:\/\/www.icro.it\/es\/wp-json\/wp\/v2\/media?parent=11563"}],"wp:term":[{"taxonomy":"product_cat","embeddable":true,"href":"https:\/\/www.icro.it\/es\/wp-json\/wp\/v2\/product_cat?post=11563"},{"taxonomy":"product_tag","embeddable":true,"href":"https:\/\/www.icro.it\/es\/wp-json\/wp\/v2\/product_tag?post=11563"}],"curies":[{"name":"wp","href":"https:\/\/api.w.org\/{rel}","templated":true}]}}