{"id":11581,"date":"2021-09-30T13:23:36","date_gmt":"2021-09-30T13:23:36","guid":{"rendered":"https:\/\/www.icro.it\/prodotto\/esmalte-a-330-brillo-negro\/"},"modified":"2021-09-30T13:23:52","modified_gmt":"2021-09-30T13:23:52","slug":"esmalte-a-330-brillo-negro","status":"publish","type":"product","link":"https:\/\/www.icro.it\/es\/producto\/esmalte-a-330-brillo-negro\/","title":{"rendered":"ESMALTE A 330 BRILLO NEGRO"},"content":{"rendered":"<p>Esmalte de poliuretano negro brillante de alta calidad, para aplicaciones con pulverizaci\u00f3n. Alta calidad, excelente resistencia a l\u00edquidos fr\u00edos, buena resistencia al rayado, excelente suavidad al tacto, excelente resistencia al amarilleo y cubrici\u00f3n. Se recomienda una buena preparaci\u00f3n del sustrato. El esmalte se puede pulir despu\u00e9s de 48 horas desde la aplicaci\u00f3n. El esmalte es compatible con el sistema tintom\u00e9trico ICROMIX.<\/p>\n","protected":false},"excerpt":{"rendered":"<p>Esmalte de poliuretano negro brillante de alta calidad, para aplicaciones con pulverizaci\u00f3n. Alta calidad, excelente resistencia a l\u00edquidos fr\u00edos, buena resistencia al rayado, excelente suavidad al tacto, excelente resistencia al amarilleo y cubrici\u00f3n. Se recomienda una buena preparaci\u00f3n del sustrato. El esmalte se puede pulir despu\u00e9s de 48 horas desde la aplicaci\u00f3n. El esmalte es compatible con el sistema tintom\u00e9trico ICROMIX.<\/p>\n","protected":false},"featured_media":10221,"comment_status":"closed","ping_status":"closed","template":"","meta":[],"product_cat":[401,403,404,434,437,439,368,371,400],"product_tag":[],"acf":[],"_links":{"self":[{"href":"https:\/\/www.icro.it\/es\/wp-json\/wp\/v2\/product\/11581"}],"collection":[{"href":"https:\/\/www.icro.it\/es\/wp-json\/wp\/v2\/product"}],"about":[{"href":"https:\/\/www.icro.it\/es\/wp-json\/wp\/v2\/types\/product"}],"replies":[{"embeddable":true,"href":"https:\/\/www.icro.it\/es\/wp-json\/wp\/v2\/comments?post=11581"}],"wp:featuredmedia":[{"embeddable":true,"href":"https:\/\/www.icro.it\/es\/wp-json\/wp\/v2\/media\/10221"}],"wp:attachment":[{"href":"https:\/\/www.icro.it\/es\/wp-json\/wp\/v2\/media?parent=11581"}],"wp:term":[{"taxonomy":"product_cat","embeddable":true,"href":"https:\/\/www.icro.it\/es\/wp-json\/wp\/v2\/product_cat?post=11581"},{"taxonomy":"product_tag","embeddable":true,"href":"https:\/\/www.icro.it\/es\/wp-json\/wp\/v2\/product_tag?post=11581"}],"curies":[{"name":"wp","href":"https:\/\/api.w.org\/{rel}","templated":true}]}}