{"id":11647,"date":"2021-09-30T13:24:06","date_gmt":"2021-09-30T13:24:06","guid":{"rendered":"https:\/\/www.icro.it\/prodotto\/esmalte-nc-301-blanco\/"},"modified":"2021-09-30T13:24:08","modified_gmt":"2021-09-30T13:24:08","slug":"esmalte-nc-301-blanco","status":"publish","type":"product","link":"https:\/\/www.icro.it\/es\/producto\/esmalte-nc-301-blanco\/","title":{"rendered":"ESMALTE NC 301 BLANCO"},"content":{"rendered":"<p>Esmalte nitroceluloso pigmentado blanco de alta calidad. Para aplicaci\u00f3n por pulverizaci\u00f3n.Buena resistencia a la luz, excelente cubrici\u00f3n, secado r\u00e1pido y facilidad de uso. No exceda las cantidades aplicadas (ver ficha t\u00e9cnica). Flexibilidad limitada. BASE PARA SISTEMA TINTOM\u00c9TRICO ICROMIX<\/p>\n","protected":false},"excerpt":{"rendered":"<p>Esmalte nitroceluloso pigmentado blanco de alta calidad. Para aplicaci\u00f3n por pulverizaci\u00f3n.Buena resistencia a la luz, excelente cubrici\u00f3n, secado r\u00e1pido y facilidad de uso. No exceda las cantidades aplicadas (ver ficha t\u00e9cnica). Flexibilidad limitada. BASE PARA SISTEMA TINTOM\u00c9TRICO ICROMIX<\/p>\n","protected":false},"featured_media":10278,"comment_status":"closed","ping_status":"closed","template":"","meta":[],"product_cat":[403,404,467,472,368,371,400,401],"product_tag":[],"acf":[],"_links":{"self":[{"href":"https:\/\/www.icro.it\/es\/wp-json\/wp\/v2\/product\/11647"}],"collection":[{"href":"https:\/\/www.icro.it\/es\/wp-json\/wp\/v2\/product"}],"about":[{"href":"https:\/\/www.icro.it\/es\/wp-json\/wp\/v2\/types\/product"}],"replies":[{"embeddable":true,"href":"https:\/\/www.icro.it\/es\/wp-json\/wp\/v2\/comments?post=11647"}],"wp:featuredmedia":[{"embeddable":true,"href":"https:\/\/www.icro.it\/es\/wp-json\/wp\/v2\/media\/10278"}],"wp:attachment":[{"href":"https:\/\/www.icro.it\/es\/wp-json\/wp\/v2\/media?parent=11647"}],"wp:term":[{"taxonomy":"product_cat","embeddable":true,"href":"https:\/\/www.icro.it\/es\/wp-json\/wp\/v2\/product_cat?post=11647"},{"taxonomy":"product_tag","embeddable":true,"href":"https:\/\/www.icro.it\/es\/wp-json\/wp\/v2\/product_tag?post=11647"}],"curies":[{"name":"wp","href":"https:\/\/api.w.org\/{rel}","templated":true}]}}