{"id":11673,"date":"2020-07-20T15:28:18","date_gmt":"2021-09-30T13:24:06","guid":{"rendered":"https:\/\/www.icro.it\/prodotto\/fondo-a-454-blanco\/"},"modified":"2021-09-30T13:24:14","modified_gmt":"2021-09-30T13:24:14","slug":"fondo-a-454-blanco","status":"publish","type":"product","link":"https:\/\/www.icro.it\/es\/producto\/fondo-a-454-blanco\/","title":{"rendered":"FONDO A 454 BLANCO"},"content":{"rendered":"<p>Fondo poliuretano pigmentado blanco para aplicaci\u00f3n con pulverizaci\u00f3n sobre MDF de baja densidad. Alt\u00edsima cubrici\u00f3n. Alta calidad y pigmentaci\u00f3n. Excelente cubrici\u00f3n de los filos de puertas. Alta verticalidad. Adecuado para repintado con alto brillo.<\/p>\n","protected":false},"excerpt":{"rendered":"<p>Fondo poliuretano pigmentado blanco para aplicaci\u00f3n con pulverizaci\u00f3n sobre MDF de baja densidad. Alt\u00edsima cubrici\u00f3n. Alta calidad y pigmentaci\u00f3n. Excelente cubrici\u00f3n de los filos de puertas. Alta verticalidad. Adecuado para repintado con alto brillo.<\/p>\n","protected":false},"featured_media":13054,"comment_status":"closed","ping_status":"closed","template":"","meta":[],"product_cat":[404,434,439,548,368,371,400,401,403],"product_tag":[],"acf":[],"_links":{"self":[{"href":"https:\/\/www.icro.it\/es\/wp-json\/wp\/v2\/product\/11673"}],"collection":[{"href":"https:\/\/www.icro.it\/es\/wp-json\/wp\/v2\/product"}],"about":[{"href":"https:\/\/www.icro.it\/es\/wp-json\/wp\/v2\/types\/product"}],"replies":[{"embeddable":true,"href":"https:\/\/www.icro.it\/es\/wp-json\/wp\/v2\/comments?post=11673"}],"wp:featuredmedia":[{"embeddable":true,"href":"https:\/\/www.icro.it\/es\/wp-json\/wp\/v2\/media\/13054"}],"wp:attachment":[{"href":"https:\/\/www.icro.it\/es\/wp-json\/wp\/v2\/media?parent=11673"}],"wp:term":[{"taxonomy":"product_cat","embeddable":true,"href":"https:\/\/www.icro.it\/es\/wp-json\/wp\/v2\/product_cat?post=11673"},{"taxonomy":"product_tag","embeddable":true,"href":"https:\/\/www.icro.it\/es\/wp-json\/wp\/v2\/product_tag?post=11673"}],"curies":[{"name":"wp","href":"https:\/\/api.w.org\/{rel}","templated":true}]}}