{"id":11731,"date":"2021-09-30T13:24:06","date_gmt":"2021-09-30T13:24:06","guid":{"rendered":"https:\/\/www.icro.it\/prodotto\/barniz-nitro-408\/"},"modified":"2021-09-30T13:24:24","modified_gmt":"2021-09-30T13:24:24","slug":"barniz-nitro-408","status":"publish","type":"product","link":"https:\/\/www.icro.it\/es\/producto\/barniz-nitro-408\/","title":{"rendered":"BARNIZ NITRO 408"},"content":{"rendered":"<p>Acabado nitroceluloso transparente para el fijado de pan de oro o p\u00e1tina. Aplicaci\u00f3n por pulverizaci\u00f3n. Se caracteriza por un color blanquecino que no cambia el color de las p\u00e1tinas claras. Buena transparencia. Resistencia a la luz  y flexibilidad limitadas.<\/p>\n","protected":false},"excerpt":{"rendered":"<p>Acabado nitroceluloso transparente para el fijado de pan de oro o p\u00e1tina. Aplicaci\u00f3n por pulverizaci\u00f3n. Se caracteriza por un color blanquecino que no cambia el color de las p\u00e1tinas claras. Buena transparencia. Resistencia a la luz  y flexibilidad limitadas.<\/p>\n","protected":false},"featured_media":10221,"comment_status":"closed","ping_status":"closed","template":"","meta":[],"product_cat":[442,368,371,400,401,434],"product_tag":[],"acf":[],"_links":{"self":[{"href":"https:\/\/www.icro.it\/es\/wp-json\/wp\/v2\/product\/11731"}],"collection":[{"href":"https:\/\/www.icro.it\/es\/wp-json\/wp\/v2\/product"}],"about":[{"href":"https:\/\/www.icro.it\/es\/wp-json\/wp\/v2\/types\/product"}],"replies":[{"embeddable":true,"href":"https:\/\/www.icro.it\/es\/wp-json\/wp\/v2\/comments?post=11731"}],"wp:featuredmedia":[{"embeddable":true,"href":"https:\/\/www.icro.it\/es\/wp-json\/wp\/v2\/media\/10221"}],"wp:attachment":[{"href":"https:\/\/www.icro.it\/es\/wp-json\/wp\/v2\/media?parent=11731"}],"wp:term":[{"taxonomy":"product_cat","embeddable":true,"href":"https:\/\/www.icro.it\/es\/wp-json\/wp\/v2\/product_cat?post=11731"},{"taxonomy":"product_tag","embeddable":true,"href":"https:\/\/www.icro.it\/es\/wp-json\/wp\/v2\/product_tag?post=11731"}],"curies":[{"name":"wp","href":"https:\/\/api.w.org\/{rel}","templated":true}]}}