{"id":11735,"date":"2021-09-30T13:24:06","date_gmt":"2021-09-30T13:24:06","guid":{"rendered":"https:\/\/www.icro.it\/prodotto\/barniz-nitro-198\/"},"modified":"2021-09-30T13:24:25","modified_gmt":"2021-09-30T13:24:25","slug":"barniz-nitro-198","status":"publish","type":"product","link":"https:\/\/www.icro.it\/es\/producto\/barniz-nitro-198\/","title":{"rendered":"BARNIZ  NITRO 198"},"content":{"rendered":"<p>Acabado nitroceluloso transparente de alta calidad, para todo tipo de aplicaci\u00f3n por pulverizaci\u00f3n. Acabado nitro de alta calidad con excelente tacto suave. Excelente cubrici\u00f3n y transparencia. Resistencia a la luz  y flexibilidad limitadas.<\/p>\n","protected":false},"excerpt":{"rendered":"<p>Acabado nitroceluloso transparente de alta calidad, para todo tipo de aplicaci\u00f3n por pulverizaci\u00f3n. Acabado nitro de alta calidad con excelente tacto suave. Excelente cubrici\u00f3n y transparencia. Resistencia a la luz  y flexibilidad limitadas.<\/p>\n","protected":false},"featured_media":10278,"comment_status":"closed","ping_status":"closed","template":"","meta":[],"product_cat":[368,371,400,401,434,442,467],"product_tag":[],"acf":[],"_links":{"self":[{"href":"https:\/\/www.icro.it\/es\/wp-json\/wp\/v2\/product\/11735"}],"collection":[{"href":"https:\/\/www.icro.it\/es\/wp-json\/wp\/v2\/product"}],"about":[{"href":"https:\/\/www.icro.it\/es\/wp-json\/wp\/v2\/types\/product"}],"replies":[{"embeddable":true,"href":"https:\/\/www.icro.it\/es\/wp-json\/wp\/v2\/comments?post=11735"}],"wp:featuredmedia":[{"embeddable":true,"href":"https:\/\/www.icro.it\/es\/wp-json\/wp\/v2\/media\/10278"}],"wp:attachment":[{"href":"https:\/\/www.icro.it\/es\/wp-json\/wp\/v2\/media?parent=11735"}],"wp:term":[{"taxonomy":"product_cat","embeddable":true,"href":"https:\/\/www.icro.it\/es\/wp-json\/wp\/v2\/product_cat?post=11735"},{"taxonomy":"product_tag","embeddable":true,"href":"https:\/\/www.icro.it\/es\/wp-json\/wp\/v2\/product_tag?post=11735"}],"curies":[{"name":"wp","href":"https:\/\/api.w.org\/{rel}","templated":true}]}}