{"id":11744,"date":"2021-09-30T13:24:06","date_gmt":"2021-09-30T13:24:06","guid":{"rendered":"https:\/\/www.icro.it\/prodotto\/fondo-acabado-nitro-8\/"},"modified":"2021-09-30T13:24:27","modified_gmt":"2021-09-30T13:24:27","slug":"fondo-acabado-nitro-8","status":"publish","type":"product","link":"https:\/\/www.icro.it\/es\/producto\/fondo-acabado-nitro-8\/","title":{"rendered":"FONDO ACABADO NITRO 8"},"content":{"rendered":"<p>Acabado nitroceluloso transparente universal para aplicaci\u00f3n por pulverizaci\u00f3n. Excelente transparencia, buena dureza superficial y secado r\u00e1pido. Indicado para aplicaciones de poro abierto. Resistencia a la luz y flexibilidad limitadas.<\/p>\n","protected":false},"excerpt":{"rendered":"<p>Acabado nitroceluloso transparente universal para aplicaci\u00f3n por pulverizaci\u00f3n. Excelente transparencia, buena dureza superficial y secado r\u00e1pido. Indicado para aplicaciones de poro abierto. Resistencia a la luz y flexibilidad limitadas.<\/p>\n","protected":false},"featured_media":10221,"comment_status":"closed","ping_status":"closed","template":"","meta":[],"product_cat":[368,371,400,401,434,442],"product_tag":[],"acf":[],"_links":{"self":[{"href":"https:\/\/www.icro.it\/es\/wp-json\/wp\/v2\/product\/11744"}],"collection":[{"href":"https:\/\/www.icro.it\/es\/wp-json\/wp\/v2\/product"}],"about":[{"href":"https:\/\/www.icro.it\/es\/wp-json\/wp\/v2\/types\/product"}],"replies":[{"embeddable":true,"href":"https:\/\/www.icro.it\/es\/wp-json\/wp\/v2\/comments?post=11744"}],"wp:featuredmedia":[{"embeddable":true,"href":"https:\/\/www.icro.it\/es\/wp-json\/wp\/v2\/media\/10221"}],"wp:attachment":[{"href":"https:\/\/www.icro.it\/es\/wp-json\/wp\/v2\/media?parent=11744"}],"wp:term":[{"taxonomy":"product_cat","embeddable":true,"href":"https:\/\/www.icro.it\/es\/wp-json\/wp\/v2\/product_cat?post=11744"},{"taxonomy":"product_tag","embeddable":true,"href":"https:\/\/www.icro.it\/es\/wp-json\/wp\/v2\/product_tag?post=11744"}],"curies":[{"name":"wp","href":"https:\/\/api.w.org\/{rel}","templated":true}]}}